{"id":502,"date":"2016-10-28T16:09:09","date_gmt":"2016-10-28T14:09:09","guid":{"rendered":"http:\/\/atamayka.com\/art\/?page_id=502"},"modified":"2017-03-06T17:19:49","modified_gmt":"2017-03-06T16:19:49","slug":"about-you-and-me","status":"publish","type":"page","link":"http:\/\/atamayka.com\/art\/de\/about-you-and-me\/","title":{"rendered":"\u00dcber dich und mich"},"content":{"rendered":"<p><\/p>\n<p class=\"img-no-effect\"><img loading=\"lazy\" decoding=\"async\" class=\"alignright wp-image-1025 size-full\" src=\"http:\/\/atamayka.com\/art\/wp-content\/uploads\/2016\/10\/AboutAtamayka_05-de.jpg\" alt=\"\u201eDu strebst danach, kreativ zu leben, du sch\u00e4tzt Originalit\u00e4t. Du hast dich, im Laufe der Zeit, mit sorf\u00e4ltig ausgew\u00e4hlten St\u00fccken umgeben. Kunst bewegt dich. Wie w\u00e4rs mit a bissl Humor?\u201c\" width=\"519\" height=\"482\" srcset=\"http:\/\/atamayka.com\/art\/wp-content\/uploads\/2016\/10\/AboutAtamayka_05-de.jpg 519w, http:\/\/atamayka.com\/art\/wp-content\/uploads\/2016\/10\/AboutAtamayka_05-de-110x102.jpg 110w, http:\/\/atamayka.com\/art\/wp-content\/uploads\/2016\/10\/AboutAtamayka_05-de-485x450.jpg 485w\" sizes=\"auto, (max-width: 519px) 100vw, 519px\" \/><\/p>\n<h2 class=\"title-post\">+ Kunst, Humor &amp; Gesichter auf Ton und Leinwand<\/h2>\n<p><strong>Humor und Erz\u00e4hlungen von gl\u00fccklichen Zuf\u00e4llen <\/strong>sind die Hauptzutaten, die ich, mit meinen Gem\u00e4lden, Skulpturen und Zeichnungen in dein Leben bringe. Ich beginne alle meine Zeichnungen mit <strong>zuf\u00e4lligen Linien,<\/strong> aber auch mit dem <strong>Neugier<\/strong>, welche ich bekomme, wenn ich entdecke <strong>was aus den Linien hervorkommt<\/strong>.<\/p>\n<p style=\"text-align: center;\"><a href=\"http:\/\/atamayka.com\/art\/wp-content\/uploads\/2016\/10\/Atamayka-Art-Process-de.jpg\"><img loading=\"lazy\" decoding=\"async\" class=\"aligncenter wp-image-796 size-large\" src=\"http:\/\/atamayka.com\/art\/wp-content\/uploads\/2016\/10\/Atamayka-Art-Process-de-500x336.jpg\" width=\"500\" height=\"336\" srcset=\"http:\/\/atamayka.com\/art\/wp-content\/uploads\/2016\/10\/Atamayka-Art-Process-de-500x336.jpg 500w, http:\/\/atamayka.com\/art\/wp-content\/uploads\/2016\/10\/Atamayka-Art-Process-de-110x74.jpg 110w, http:\/\/atamayka.com\/art\/wp-content\/uploads\/2016\/10\/Atamayka-Art-Process-de-250x168.jpg 250w, http:\/\/atamayka.com\/art\/wp-content\/uploads\/2016\/10\/Atamayka-Art-Process-de-768x516.jpg 768w, http:\/\/atamayka.com\/art\/wp-content\/uploads\/2016\/10\/Atamayka-Art-Process-de-150x101.jpg 150w, http:\/\/atamayka.com\/art\/wp-content\/uploads\/2016\/10\/Atamayka-Art-Process-de-400x269.jpg 400w, http:\/\/atamayka.com\/art\/wp-content\/uploads\/2016\/10\/Atamayka-Art-Process-de-624x420.jpg 624w, http:\/\/atamayka.com\/art\/wp-content\/uploads\/2016\/10\/Atamayka-Art-Process-de.jpg 800w\" sizes=\"auto, (max-width: 500px) 100vw, 500px\" \/><\/a><span class=\"small-text\">(Bild ancklicken f\u00fcr einen gro\u00dferen Ansicht)<\/span><\/p>\n<p style=\"text-align: left;\"><strong>Ich finde es falsch, <\/strong>dass wir als Gesellschat &#8211; gro\u00dfteils von den Medien &#8211; unbewusst unterrichtet werden, dass <strong>der Menschenwert vom Aussehen oder von den Finanzen abh\u00e4ngig ist<\/strong>. Wir werden mit Geschichten die dies f\u00f6rdern grosgezogen.<\/p>\n<blockquote><p>Dies ist der Grund warum <strong>ich auf einer Mission bin<\/strong>, um zu helfen neu zu definieren, wer oder was <strong>sch\u00f6n, akzeptiert und wertvoll<\/strong> sein soll. Ich hebe die Riesennase und das h\u00fcbsche assymetrische L\u00e4cheln hervor, aber auch die Sch\u00f6nheit des Augenblicks der durchschnittlichen Menschen, <strong>wer auch immer sie oder er sein mag<\/strong>&#8230;<br \/>\n<strong>Eine Zeichnung nach dem anderen.<\/strong><\/p><\/blockquote>\n<p>&nbsp;<\/p>\n<hr \/>\n<h2>+ Einige reden \u00fcber meine Arbeit:<\/h2>\n<p><span class=\"alignleft\"><iframe loading=\"lazy\" src=\"https:\/\/www.youtube.com\/embed\/8YvjHymcN9U?rel=0\" width=\"260\" height=\"146\" frameborder=\"0\" allowfullscreen=\"allowfullscreen\"><\/iframe><\/span><\/p>\n<p><em>&#8222;Eine k\u00fcnstlerische Entdeckungsreise, die sich lohnt&#8220;<\/em><br \/>\nVeronika Spielbichler<br \/>\nJournalistin<br \/>\n<a class=\"brown-link\" href=\"http:\/\/www.vero-online.info\/page.php?id=2179\" target=\"_blank\">Vero online<\/a><\/p>\n<p>&nbsp;<\/p>\n<p><em>&#8222;Dieses faszinierende Spiel der Entdeckung machen diese St\u00fccke wirklich einzigartig&#8230;&#8220;<\/em><br \/>\nBirgit &#8211; Bloggerin von <a class=\"brown-link\" href=\"http:\/\/the-picture-garden.blogspot.co.at\/2014\/11\/austrian-etsy-atamayka.html\" target=\"_blank\">The Picture Garden<\/a><\/p>\n<p><em>&#8222;Sie sind einzigartig. Wenn Sie etwas rohes nehmen und ein St\u00fcck mit Qualit\u00e4t und Humor schaffen, sodass sich die Leute damit in Verbindung setzen k\u00f6nnen&#8230; sind Sie ein Erfolg!&#8220;<\/em><br \/>\nPatricia K.<\/p>\n<p><em>&#8222;Das perfekte Geschenk f\u00fcr uns! Wir sind seit 40 Jahre verheiratet und ich denke, dass das die perfekte Karikatur von zwei Menschen ist, die sehr \u00e4hnlich und kompatibel sind, aber auch exzentrisch und humorvoll.&#8220;<\/em><br \/>\nSusan B.<\/p>\n<p><em>&#8222;Atamayka ist eine besondere K\u00fcnstlerin! Das Kunstst\u00fcck, dass ich gekauft habe, ist wundersch\u00f6n.&#8220;<\/em><br \/>\nMaria C.R.<\/p>\n<p><em>&#8222;Diese Gesichter sprechen mit mir!&#8220;<\/em><br \/>\nKarin R.<\/p>\n<p><span id=\"small-form-optin-de\" class=\"alignleft\"><em>Erhalte folgende Vorteile<\/em><br \/>\n<em> direkt an deinem Posteingang:<\/em><br \/>\n<em> * die letzten News<\/em><br \/>\n<em> * Sonderoptionen<br \/>\nnur f\u00fcr Abonnenten<\/em><br \/>\n<em> * exclusive Bilder von meiner Kunst<br \/>\nsowie Einblicke der Schaffungsprozesse<\/em><br \/>\n\n\t<section id=\"yikes-mailchimp-container-8\" class=\"yikes-mailchimp-container yikes-mailchimp-container-8 \">\n\t\t\t\t<form id=\"atamayka-com-small-8\" class=\"yikes-easy-mc-form yikes-easy-mc-form-8  english-small\" method=\"POST\" data-attr-form-id=\"8\">\n\n\t\t\t\t\t\t\t\t\t\t\t\t\t<label for=\"yikes-easy-mc-form-8-EMAIL\"  class=\"EMAIL-label yikes-mailchimp-field-required \">\n\n\t\t\t\t\t\t\t\t\t\t<!-- dictate label visibility -->\n\t\t\t\t\t\t\t\t\t\t\t\t\t\t\t\t\t\t\t\t\t<span class=\"EMAIL-label\">\n\t\t\t\t\t\t\t\t\t\t\t\tEmail Address\t\t\t\t\t\t\t\t\t\t\t<\/span>\n\t\t\t\t\t\t\t\t\t\t\n\t\t\t\t\t\t\t\t\t\t<!-- Description Above -->\n\t\t\t\t\t\t\t\t\t\t\n\t\t\t\t\t\t\t\t\t\t<input id=\"yikes-easy-mc-form-8-EMAIL\"  name=\"EMAIL\"  placeholder=\"e-mail\"  class=\"yikes-easy-mc-email white\"  required=\"required\" type=\"email\"  value=\"\">\n\n\t\t\t\t\t\t\t\t\t\t<!-- Description Below -->\n\t\t\t\t\t\t\t\t\t\t\n\t\t\t\t\t\t\t\t\t<\/label>\n\t\t\t\t\t\t\t\t\t\t\t\t\t\t\t\t\t\t<label for=\"yikes-easy-mc-form-8-FNAME\"  class=\"FNAME-label \">\n\n\t\t\t\t\t\t\t\t\t\t<!-- dictate label visibility -->\n\t\t\t\t\t\t\t\t\t\t\t\t\t\t\t\t\t\t\t\t\t<span class=\"FNAME-label\">\n\t\t\t\t\t\t\t\t\t\t\t\tFirst Name\t\t\t\t\t\t\t\t\t\t\t<\/span>\n\t\t\t\t\t\t\t\t\t\t\n\t\t\t\t\t\t\t\t\t\t<!-- Description Above -->\n\t\t\t\t\t\t\t\t\t\t\n\t\t\t\t\t\t\t\t\t\t<input id=\"yikes-easy-mc-form-8-FNAME\"  name=\"FNAME\"  placeholder=\"name - nombre\"  class=\"yikes-easy-mc-text white\"   type=\"text\"  value=\"\">\n\n\t\t\t\t\t\t\t\t\t\t<!-- Description Below -->\n\t\t\t\t\t\t\t\t\t\t\n\t\t\t\t\t\t\t\t\t<\/label>\n\t\t\t\t\t\t\t\t\t\n\t\t\t\t<!-- Honeypot Trap -->\n\t\t\t\t<input type=\"hidden\" name=\"yikes-mailchimp-honeypot\" id=\"yikes-mailchimp-honeypot-8\" value=\"\">\n\n\t\t\t\t<!-- List ID -->\n\t\t\t\t<input type=\"hidden\" name=\"yikes-mailchimp-associated-list-id\" id=\"yikes-mailchimp-associated-list-id-8\" value=\"5cd3261441\">\n\n\t\t\t\t<!-- The form that is being submitted! Used to display error\/success messages above the correct form -->\n\t\t\t\t<input type=\"hidden\" name=\"yikes-mailchimp-submitted-form\" id=\"yikes-mailchimp-submitted-form-8\" value=\"8\">\n\n\t\t\t\t<!-- Submit Button -->\n\t\t\t\t<button type=\"submit\" class=\"yikes-easy-mc-submit-button yikes-easy-mc-submit-button-8 btn btn-primary english-small-button\"> <span class=\"yikes-mailchimp-submit-button-span-text\">Send - Senden - Enviar<\/span><\/button>\t\t\t\t<!-- Nonce Security Check -->\n\t\t\t\t<input type=\"hidden\" id=\"yikes_easy_mc_new_subscriber_8\" name=\"yikes_easy_mc_new_subscriber\" value=\"8a50b5569a\">\n\t\t\t\t<input type=\"hidden\" name=\"_wp_http_referer\" value=\"\/art\/de\/wp-json\/wp\/v2\/pages\/502\" \/>\n\t\t\t<\/form>\n\t\t\t<!-- Mailchimp Form generated by Easy Forms for Mailchimp v6.9.0 (https:\/\/wordpress.org\/plugins\/yikes-inc-easy-mailchimp-extender\/) -->\n\n\t\t\t<\/section>\n\t<\/span><\/p>\n<p>[supsystic-slider id=1 position=&#8220;center&#8220;]<\/p>\n<h2 id=\"stardust-de\">+ \u00dcber Atamayka<\/h2>\n<p>Ich h\u00e4tte nie gedacht, dass ich eine K\u00fcnstlerin sein w\u00fcrde. Als Kind wollte ich immer S\u00e4ngerin oder Malerin werden, egal was, aber sehr ber\u00fchmt. Da ich mein h\u00e4rteste Kritikerin bin, habe ich mich &#8211; im Laufe meines Lebens &#8211; entschieden realistischere Ziele zu verfolgen. Wie ein Austronautin oder ein Astrophysikerin zu werden. <strong>Es ist offensichtlich, dass ich mich an Sternenstaub angezogen f\u00fchle.<\/strong><\/p>\n<p><a href=\"http:\/\/atamayka.com\/art\/wp-content\/uploads\/2016\/10\/Painting_HairOnFire-Atamayka.jpg\"><img loading=\"lazy\" decoding=\"async\" class=\"alignleft wp-image-658\" src=\"http:\/\/atamayka.com\/art\/wp-content\/uploads\/2016\/10\/Painting_HairOnFire-Atamayka-500x689.jpg\" alt=\"painting_haironfire-atamayka\" width=\"260\" height=\"358\" srcset=\"http:\/\/atamayka.com\/art\/wp-content\/uploads\/2016\/10\/Painting_HairOnFire-Atamayka-500x689.jpg 500w, http:\/\/atamayka.com\/art\/wp-content\/uploads\/2016\/10\/Painting_HairOnFire-Atamayka-107x147.jpg 107w, http:\/\/atamayka.com\/art\/wp-content\/uploads\/2016\/10\/Painting_HairOnFire-Atamayka-181x250.jpg 181w, http:\/\/atamayka.com\/art\/wp-content\/uploads\/2016\/10\/Painting_HairOnFire-Atamayka-109x150.jpg 109w, http:\/\/atamayka.com\/art\/wp-content\/uploads\/2016\/10\/Painting_HairOnFire-Atamayka-388x535.jpg 388w, http:\/\/atamayka.com\/art\/wp-content\/uploads\/2016\/10\/Painting_HairOnFire-Atamayka.jpg 600w\" sizes=\"auto, (max-width: 260px) 100vw, 260px\" \/><\/a><\/p>\n<p>Mathematik und Physik sind mir in meiner Schulzeit am Gymnasium leicht gefallen. Das hei\u00dft, bis ich diesen Berufstest gemacht habe, der die Hoffnung meines Vaters in mir vernichtete. <strong>In meinem Unterbewusstem war ich eine K\u00fcnstlerin durch und durch.<\/strong> Ich entschied mich f\u00fcr Karrieren mit einen Anteil an k\u00fcnstlerischen F\u00e4chern, die zudem meine zuk\u00fcnftige Rechnungen bezahlen k\u00f6nnten. Ich habe mein Diplom als Grafikerin erhalten und als ich auf dem halbem Weg der Architektur war, beschloss ich einen kurzen Urlaub zu machen. <strong>Diese kurze Europa Reise dauert mittlerweile 17 Jahre<\/strong>. Wovon ich acht Jahre lang vergessen habe eine K\u00fcnstlerin zu sein.<\/p>\n<p>R\u00fcckblickend auf die letzten neun Jahre meiner k\u00fcnstlerischen Entwicklung war <strong>&#8222;serendipity&#8220;<\/strong> (der gl\u00fcckliche Zufall) schon immer ein Thema in meinem Leben gewessen. Ich liebe es meine Augen offen f\u00fcr das Leben zu haben, es gibt immer einen \u00fcberraschenden Weg, eine wunderbare bewegende Erfahrung.<\/p>\n<blockquote>\n<p style=\"text-align: center;\"><strong>Ich vertraue dem Leben, in jeder Entscheidung die ich mache, und jede einzelne Linie die ich zeichne, dass immer etwas Sch\u00f6nes darauf wartet, entdeckt zu werden.<\/strong><\/p>\n<\/blockquote>\n<hr \/>\n<p style=\"text-align: center;\"><strong><em>Danke dass du so weit gelesen hast!<br \/>\n<\/em>Es w\u00e4re toll, wenn wir mit meinen Newsletter in Kontakt bleiben<\/strong>. Ich schreibe diesen ein- bis zweimal im Monat, und dieser wird dir Dinge die <strong>nur f\u00fcr Abonnenten<\/strong> sind zeigen. Wie Erste- und Sonderoptionen meiner Kunstwerke, exklusive Bilder des Prozesses sowie Neuigkeiten.<br \/>\n\n\t<section id=\"yikes-mailchimp-container-9\" class=\"yikes-mailchimp-container yikes-mailchimp-container-9 \">\n\t\t\t\t<form id=\"atamayka-com-big-9\" class=\"yikes-easy-mc-form yikes-easy-mc-form-9  \" method=\"POST\" data-attr-form-id=\"9\">\n\n\t\t\t\t\t\t\t\t\t\t\t\t\t<label for=\"yikes-easy-mc-form-9-EMAIL\"  class=\"EMAIL-label yikes-mailchimp-field-required \">\n\n\t\t\t\t\t\t\t\t\t\t<!-- dictate label visibility -->\n\t\t\t\t\t\t\t\t\t\t\t\t\t\t\t\t\t\t\t\t\t<span class=\"EMAIL-label\">\n\t\t\t\t\t\t\t\t\t\t\t\tEmail Address\t\t\t\t\t\t\t\t\t\t\t<\/span>\n\t\t\t\t\t\t\t\t\t\t\n\t\t\t\t\t\t\t\t\t\t<!-- Description Above -->\n\t\t\t\t\t\t\t\t\t\t\n\t\t\t\t\t\t\t\t\t\t<input id=\"yikes-easy-mc-form-9-EMAIL\"  name=\"EMAIL\"  placeholder=\"e-mail\"  class=\"yikes-easy-mc-email \"  required=\"required\" type=\"email\"  value=\"\">\n\n\t\t\t\t\t\t\t\t\t\t<!-- Description Below -->\n\t\t\t\t\t\t\t\t\t\t\n\t\t\t\t\t\t\t\t\t<\/label>\n\t\t\t\t\t\t\t\t\t\t\t\t\t\t\t\t\t\t<label for=\"yikes-easy-mc-form-9-FNAME\"  class=\"FNAME-label \">\n\n\t\t\t\t\t\t\t\t\t\t<!-- dictate label visibility -->\n\t\t\t\t\t\t\t\t\t\t\t\t\t\t\t\t\t\t\t\t\t<span class=\"FNAME-label\">\n\t\t\t\t\t\t\t\t\t\t\t\tFirst Name\t\t\t\t\t\t\t\t\t\t\t<\/span>\n\t\t\t\t\t\t\t\t\t\t\n\t\t\t\t\t\t\t\t\t\t<!-- Description Above -->\n\t\t\t\t\t\t\t\t\t\t\n\t\t\t\t\t\t\t\t\t\t<input id=\"yikes-easy-mc-form-9-FNAME\"  name=\"FNAME\"  placeholder=\"name - nombre\"  class=\"yikes-easy-mc-text \"   type=\"text\"  value=\"\">\n\n\t\t\t\t\t\t\t\t\t\t<!-- Description Below -->\n\t\t\t\t\t\t\t\t\t\t\n\t\t\t\t\t\t\t\t\t<\/label>\n\t\t\t\t\t\t\t\t\t\n\t\t\t\t<!-- Honeypot Trap -->\n\t\t\t\t<input type=\"hidden\" name=\"yikes-mailchimp-honeypot\" id=\"yikes-mailchimp-honeypot-9\" value=\"\">\n\n\t\t\t\t<!-- List ID -->\n\t\t\t\t<input type=\"hidden\" name=\"yikes-mailchimp-associated-list-id\" id=\"yikes-mailchimp-associated-list-id-9\" value=\"5cd3261441\">\n\n\t\t\t\t<!-- The form that is being submitted! Used to display error\/success messages above the correct form -->\n\t\t\t\t<input type=\"hidden\" name=\"yikes-mailchimp-submitted-form\" id=\"yikes-mailchimp-submitted-form-9\" value=\"9\">\n\n\t\t\t\t<!-- Submit Button -->\n\t\t\t\t<button type=\"submit\" class=\"yikes-easy-mc-submit-button yikes-easy-mc-submit-button-9 btn btn-primary \"> <span class=\"yikes-mailchimp-submit-button-span-text\">Send - Senden - Enviar<\/span><\/button>\t\t\t\t<!-- Nonce Security Check -->\n\t\t\t\t<input type=\"hidden\" id=\"yikes_easy_mc_new_subscriber_9\" name=\"yikes_easy_mc_new_subscriber\" value=\"8a50b5569a\">\n\t\t\t\t<input type=\"hidden\" name=\"_wp_http_referer\" value=\"\/art\/de\/wp-json\/wp\/v2\/pages\/502\" \/>\n\t\t\t<\/form>\n\t\t\t<!-- Mailchimp Form generated by Easy Forms for Mailchimp v6.9.0 (https:\/\/wordpress.org\/plugins\/yikes-inc-easy-mailchimp-extender\/) -->\n\n\t\t\t<\/section>\n\t<br \/>\nP.S. Du kannst jeder Zeit dein Abonnement beenden und deine Daten werden privat gehalten.<br \/>\nLiebe Gr\u00fc\u00dfe aus Tirol,<br \/>\nAtamayka<\/p>\n<hr \/>\n<p style=\"text-align: center;\">F\u00fcr t\u00e4gliche kleine Videos von\u00a0 meinen intuitiven Zeichnungen und Gem\u00e4lden, folge mir auch auf <a class=\"brown-link\" href=\"https:\/\/www.instagram.com\/drawingserendipities\/\" target=\"_blank\">instagram<\/a> oder <a class=\"brown-link\" href=\"https:\/\/www.facebook.com\/drawingserendipities\/\" target=\"_blank\">facebook<\/a><\/p>\n<p><iframe loading=\"lazy\" src=\"https:\/\/www.youtube.com\/embed\/kEbfx-TmnAo?rel=0\" width=\"519\" height=\"292\" frameborder=\"0\" allowfullscreen=\"allowfullscreen\"><\/iframe><\/p>\n<p>&nbsp;<\/p>\n<p><span style=\"border-radius: 2px; text-indent: 20px; width: auto; padding: 0px 4px 0px 0px; text-align: center; font: bold 11px\/20px 'Helvetica Neue',Helvetica,sans-serif; color: #ffffff; background: #bd081c no-repeat scroll 3px 50% \/ 14px 14px; position: absolute; opacity: 1; z-index: 8675309; display: none; cursor: pointer;\">Merken<\/span><\/p>\n<p><span style=\"border-radius: 2px; text-indent: 20px; width: auto; padding: 0px 4px 0px 0px; text-align: center; font: bold 11px\/20px 'Helvetica Neue',Helvetica,sans-serif; color: #ffffff; background: #bd081c no-repeat scroll 3px 50% \/ 14px 14px; position: absolute; opacity: 1; z-index: 8675309; display: none; cursor: pointer; top: 32px; left: 126px;\">Merken<\/span><\/p>\n<p><span style=\"border-radius: 2px; text-indent: 20px; width: auto; padding: 0px 4px 0px 0px; text-align: center; font: bold 11px\/20px 'Helvetica Neue',Helvetica,sans-serif; color: #ffffff; background: #bd081c no-repeat scroll 3px 50% \/ 14px 14px; position: absolute; opacity: 1; z-index: 8675309; display: none; cursor: pointer;\">Merken<\/span><\/p>\n<p><span style=\"border-radius: 2px; text-indent: 20px; width: auto; padding: 0px 4px 0px 0px; text-align: center; font: bold 11px\/20px 'Helvetica Neue',Helvetica,sans-serif; color: #ffffff; background: #bd081c no-repeat scroll 3px 50% \/ 14px 14px; position: absolute; opacity: 1; z-index: 8675309; display: none; cursor: pointer; top: 32px; left: 126px;\">Merken<\/span><\/p>\n<p><span style=\"border-radius: 2px; text-indent: 20px; width: auto; padding: 0px 4px 0px 0px; text-align: center; font: bold 11px\/20px 'Helvetica Neue',Helvetica,sans-serif; color: #ffffff; background: #bd081c no-repeat scroll 3px 50% \/ 14px 14px; position: absolute; opacity: 1; z-index: 8675309; display: none; cursor: pointer; top: 32px; left: 126px;\">Merken<\/span><\/p>\n<p><span style=\"border-radius: 2px; text-indent: 20px; width: auto; padding: 0px 4px 0px 0px; text-align: center; font: bold 11px\/20px 'Helvetica Neue',Helvetica,sans-serif; color: #ffffff; background: #bd081c no-repeat scroll 3px 50% \/ 14px 14px; position: absolute; opacity: 1; z-index: 8675309; display: none; cursor: pointer; top: 32px; left: 126px;\">Merken<\/span><\/p>","protected":false},"excerpt":{"rendered":"<p>+ Kunst, Humor &amp; Gesichter auf Ton und Leinwand Humor und Erz\u00e4hlungen von gl\u00fccklichen Zuf\u00e4llen sind die Hauptzutaten, die ich, mit meinen Gem\u00e4lden, Skulpturen und Zeichnungen in dein Leben bringe. Ich beginne alle meine Zeichnungen mit zuf\u00e4lligen Linien, aber auch mit dem Neugier, welche ich bekomme, wenn ich entdecke was aus den Linien hervorkommt. (Bild [&hellip;]<\/p>\n","protected":false},"author":1,"featured_media":0,"parent":0,"menu_order":0,"comment_status":"closed","ping_status":"closed","template":"","meta":{"_exactmetrics_skip_tracking":false,"_exactmetrics_sitenote_active":false,"_exactmetrics_sitenote_note":"","_exactmetrics_sitenote_category":0,"footnotes":""},"class_list":["post-502","page","type-page","status-publish","hentry"],"_links":{"self":[{"href":"http:\/\/atamayka.com\/art\/de\/wp-json\/wp\/v2\/pages\/502","targetHints":{"allow":["GET"]}}],"collection":[{"href":"http:\/\/atamayka.com\/art\/de\/wp-json\/wp\/v2\/pages"}],"about":[{"href":"http:\/\/atamayka.com\/art\/de\/wp-json\/wp\/v2\/types\/page"}],"author":[{"embeddable":true,"href":"http:\/\/atamayka.com\/art\/de\/wp-json\/wp\/v2\/users\/1"}],"replies":[{"embeddable":true,"href":"http:\/\/atamayka.com\/art\/de\/wp-json\/wp\/v2\/comments?post=502"}],"version-history":[{"count":1,"href":"http:\/\/atamayka.com\/art\/de\/wp-json\/wp\/v2\/pages\/502\/revisions"}],"predecessor-version":[{"id":1108,"href":"http:\/\/atamayka.com\/art\/de\/wp-json\/wp\/v2\/pages\/502\/revisions\/1108"}],"wp:attachment":[{"href":"http:\/\/atamayka.com\/art\/de\/wp-json\/wp\/v2\/media?parent=502"}],"curies":[{"name":"wp","href":"https:\/\/api.w.org\/{rel}","templated":true}]}}