{"id":446,"date":"2012-01-29T19:30:33","date_gmt":"2012-01-29T18:30:33","guid":{"rendered":"http:\/\/atamayka.com\/home\/?page_id=374"},"modified":"2014-11-09T18:45:17","modified_gmt":"2014-11-09T17:45:17","slug":"atamayka-artist-statement","status":"publish","type":"page","link":"http:\/\/atamayka.com\/art\/es\/atamayka-artist-statement\/","title":{"rendered":"Acerca de las 100 Urban Faces<br \/>(Declaraci\u00f3n de la artista)"},"content":{"rendered":"<p><\/p>\n<p><p style=\"text-align: left;\"><strong>+ Inspiraci\u00f3n<\/strong><\/p>\n<p>\u00a1Cuanta belleza y verdad se oculta en las l\u00edneas faciales del ser citadino cuando se siente seguro entre sus cuatro paredes y nadie lo observa!<\/p>\n<p style=\"text-align: left;\"><a href=\"http:\/\/atamayka.com\/art\/wp-content\/uploads\/2014\/11\/About_100UrbanFace_es.jpg\"><img loading=\"lazy\" decoding=\"async\" class=\"alignnone size-large wp-image-450\" src=\"http:\/\/atamayka.com\/art\/wp-content\/uploads\/2014\/11\/About_100UrbanFace_es-500x338.jpg\" alt=\"100 Urban Faces - Dibujos en arcilla\" width=\"500\" height=\"338\" srcset=\"http:\/\/atamayka.com\/art\/wp-content\/uploads\/2014\/11\/About_100UrbanFace_es-500x338.jpg 500w, http:\/\/atamayka.com\/art\/wp-content\/uploads\/2014\/11\/About_100UrbanFace_es-110x74.jpg 110w, http:\/\/atamayka.com\/art\/wp-content\/uploads\/2014\/11\/About_100UrbanFace_es-250x169.jpg 250w, http:\/\/atamayka.com\/art\/wp-content\/uploads\/2014\/11\/About_100UrbanFace_es-150x101.jpg 150w, http:\/\/atamayka.com\/art\/wp-content\/uploads\/2014\/11\/About_100UrbanFace_es-400x270.jpg 400w, http:\/\/atamayka.com\/art\/wp-content\/uploads\/2014\/11\/About_100UrbanFace_es-624x421.jpg 624w, http:\/\/atamayka.com\/art\/wp-content\/uploads\/2014\/11\/About_100UrbanFace_es.jpg 800w\" sizes=\"auto, (max-width: 500px) 100vw, 500px\" \/><\/a><\/p>\n<p><strong>+ Proceso<\/p>\n<p><\/strong>Me inspira ver como los pensamientos y emociones se reflejan en las caras de las personas. Este acto de descubrir lo aut\u00e9ntico es algo que me encanta. Es hermoso, me intriga y me mueve profundamente.<\/p>\n<p>Mis l\u00edneas no intencionadas (100 Urban Faces) son un juego de descubrimiento, en el que trato de dilucidar qui\u00e9n se esconde detr\u00e1s del garabato.<\/p>\n<p>\u00a1Cuando veo \u201cla\u201d cara, me emociono! Y completo las l\u00edneas para que los dem\u00e1s puedan ver lo que yo veo. La plasticidad de la arcilla le otorga \u201cvida\u201d a estas l\u00edneas de rostros y esta nueva vida invita a tocar, a imaginar y genera emociones: risa, compas\u00f3n, burla, alegr\u00eda. Al ver las reacciones espont\u00e1neas del observador, comienza de nuevo el ciclo: Me inspira ver como los pensamientos y emociones se reflejan en las caras\u2026<\/p>\n<p style=\"text-align: left;\"><a href=\"http:\/\/atamayka.com\/art\/wp-content\/uploads\/2014\/11\/Installation_100UrbanFaces.jpg\"><img loading=\"lazy\" decoding=\"async\" class=\"alignnone size-large wp-image-453\" src=\"http:\/\/atamayka.com\/art\/wp-content\/uploads\/2014\/11\/Installation_100UrbanFaces-500x375.jpg\" alt=\"Installation_100UrbanFaces\" width=\"500\" height=\"375\" srcset=\"http:\/\/atamayka.com\/art\/wp-content\/uploads\/2014\/11\/Installation_100UrbanFaces-500x375.jpg 500w, http:\/\/atamayka.com\/art\/wp-content\/uploads\/2014\/11\/Installation_100UrbanFaces-110x82.jpg 110w, http:\/\/atamayka.com\/art\/wp-content\/uploads\/2014\/11\/Installation_100UrbanFaces-250x187.jpg 250w, http:\/\/atamayka.com\/art\/wp-content\/uploads\/2014\/11\/Installation_100UrbanFaces-150x112.jpg 150w, http:\/\/atamayka.com\/art\/wp-content\/uploads\/2014\/11\/Installation_100UrbanFaces-400x300.jpg 400w, http:\/\/atamayka.com\/art\/wp-content\/uploads\/2014\/11\/Installation_100UrbanFaces-624x468.jpg 624w, http:\/\/atamayka.com\/art\/wp-content\/uploads\/2014\/11\/Installation_100UrbanFaces.jpg 800w\" sizes=\"auto, (max-width: 500px) 100vw, 500px\" \/><\/a><\/p>\n<p><strong>+ T\u00e9cnica<\/strong><\/p>\n<p>Con un buril hago incisiones en la arcilla con las l\u00edneas de mis dibujos de caras y, en lugar de utilizar el barro como un simple lienzo plano, aprovecho su plasticidad: halo y estiro para crear los relieves de la nariz, ojos, frente, mejillas, cabello, etc.<\/p>\n<p>Al final del tiempo de secado observo a menudo que la pieza se ha enroscado en otra direcci\u00f3n y se ve ligeramente diferente al dibujo inicial. Me place ver que la arcilla tiene \u201cmemoria\u201d y\u00a0 disfruto de los movimientos inesperados porque le otorgan un nuevo car\u00e1cter a la pieza.<\/p>\n<p>Luego viene el proceso de lavado, color y vitrificaci\u00f3n. El quemado lo realizo de dos a tres veces a\u00a0 temperaturas de hasta 1060\u00b0C.<\/p>\n<p><a href=\"http:\/\/atamayka.com\/art\/wp-content\/uploads\/2014\/11\/Montage_100UrbanFaces.jpg\"><img loading=\"lazy\" decoding=\"async\" class=\"alignnone size-large wp-image-454\" src=\"http:\/\/atamayka.com\/art\/wp-content\/uploads\/2014\/11\/Montage_100UrbanFaces-500x238.jpg\" alt=\"Montage_100UrbanFaces\" width=\"500\" height=\"238\" srcset=\"http:\/\/atamayka.com\/art\/wp-content\/uploads\/2014\/11\/Montage_100UrbanFaces-500x238.jpg 500w, http:\/\/atamayka.com\/art\/wp-content\/uploads\/2014\/11\/Montage_100UrbanFaces-110x52.jpg 110w, http:\/\/atamayka.com\/art\/wp-content\/uploads\/2014\/11\/Montage_100UrbanFaces-250x119.jpg 250w, http:\/\/atamayka.com\/art\/wp-content\/uploads\/2014\/11\/Montage_100UrbanFaces-150x71.jpg 150w, http:\/\/atamayka.com\/art\/wp-content\/uploads\/2014\/11\/Montage_100UrbanFaces-400x191.jpg 400w, http:\/\/atamayka.com\/art\/wp-content\/uploads\/2014\/11\/Montage_100UrbanFaces-624x297.jpg 624w, http:\/\/atamayka.com\/art\/wp-content\/uploads\/2014\/11\/Montage_100UrbanFaces.jpg 800w\" sizes=\"auto, (max-width: 500px) 100vw, 500px\" \/><\/a><\/p>\n<p><strong>+ Montaje (el ser an\u00f3nimo)<\/strong><\/p>\n<p>La vida urbana, en muchas ciudades de este planeta, significa para muchos vivir en habitaciones muy reducidas en edificios construidos en serie. Sin embargo, cada una de estas peque\u00f1as unidades es grande en su significado: HOGAR.<\/p>\n<p>Decidimos hacer el montaje de las caras con las estanter\u00edas Expedit de IKEA y as\u00ed crear un marco para las 100 Urban Faces. A estas estanter\u00edas, tambi\u00e9n construidas en serie, le adicionamos divisiones revestidas con una tela suave, como \u201cnido\u201d en el que descansan cada una de las caras. El montaje unifica a los \u201cindividuos\u201d y llega a formar una parte integral de la obra de arte.<\/p>\n<p>&nbsp;<\/p>\n<\/p>\n<p><\/p>","protected":false},"excerpt":{"rendered":"<p>+ Inspiraci\u00f3n \u00a1Cuanta belleza y verdad se oculta en las l\u00edneas faciales del ser citadino cuando se siente seguro entre sus cuatro paredes y nadie lo observa! + Proceso Me inspira ver como los pensamientos y emociones se reflejan en las caras de las personas. Este acto de descubrir lo aut\u00e9ntico es algo que me [&hellip;]<\/p>\n","protected":false},"author":1,"featured_media":0,"parent":0,"menu_order":0,"comment_status":"closed","ping_status":"closed","template":"","meta":{"_exactmetrics_skip_tracking":false,"_exactmetrics_sitenote_active":false,"_exactmetrics_sitenote_note":"","_exactmetrics_sitenote_category":0,"footnotes":""},"class_list":["post-446","page","type-page","status-publish","hentry"],"_links":{"self":[{"href":"http:\/\/atamayka.com\/art\/es\/wp-json\/wp\/v2\/pages\/446","targetHints":{"allow":["GET"]}}],"collection":[{"href":"http:\/\/atamayka.com\/art\/es\/wp-json\/wp\/v2\/pages"}],"about":[{"href":"http:\/\/atamayka.com\/art\/es\/wp-json\/wp\/v2\/types\/page"}],"author":[{"embeddable":true,"href":"http:\/\/atamayka.com\/art\/es\/wp-json\/wp\/v2\/users\/1"}],"replies":[{"embeddable":true,"href":"http:\/\/atamayka.com\/art\/es\/wp-json\/wp\/v2\/comments?post=446"}],"version-history":[{"count":2,"href":"http:\/\/atamayka.com\/art\/es\/wp-json\/wp\/v2\/pages\/446\/revisions"}],"predecessor-version":[{"id":473,"href":"http:\/\/atamayka.com\/art\/es\/wp-json\/wp\/v2\/pages\/446\/revisions\/473"}],"wp:attachment":[{"href":"http:\/\/atamayka.com\/art\/es\/wp-json\/wp\/v2\/media?parent=446"}],"curies":[{"name":"wp","href":"https:\/\/api.w.org\/{rel}","templated":true}]}}