{"id":502,"date":"2016-10-28T16:09:09","date_gmt":"2016-10-28T14:09:09","guid":{"rendered":"http:\/\/atamayka.com\/art\/?page_id=502"},"modified":"2017-03-06T17:19:49","modified_gmt":"2017-03-06T16:19:49","slug":"about-you-and-me","status":"publish","type":"page","link":"http:\/\/atamayka.com\/art\/es\/about-you-and-me\/","title":{"rendered":"Acerca de ti y de mi"},"content":{"rendered":"<p><\/p>\n<p class=\"img-no-effect\"><img loading=\"lazy\" decoding=\"async\" class=\"alignright wp-image-1026 size-full\" src=\"http:\/\/atamayka.com\/art\/wp-content\/uploads\/2016\/10\/AboutAtamayka_05-es.jpg\" alt=\"\u201eTe gusta vivir de manera creativa y aprecias la originalidad. Te rodeas de piezas escogidas con mucho cuidado a trav\u00e9s del tiempo. Amas el arte con el que te puedes relacionar, arte que te mueve. Que tal un poco de humor?\u201c \" width=\"519\" height=\"482\" srcset=\"http:\/\/atamayka.com\/art\/wp-content\/uploads\/2016\/10\/AboutAtamayka_05-es.jpg 519w, http:\/\/atamayka.com\/art\/wp-content\/uploads\/2016\/10\/AboutAtamayka_05-es-110x102.jpg 110w, http:\/\/atamayka.com\/art\/wp-content\/uploads\/2016\/10\/AboutAtamayka_05-es-485x450.jpg 485w\" sizes=\"auto, (max-width: 519px) 100vw, 519px\" \/><\/p>\n<h2 class=\"title-post\">+ Arte, Caras &amp; Humor en lienzo y arcilla<\/h2>\n<p><strong>Humor y narraciones de hall\u00e1zgos afortunados<\/strong> son los ingredientes principales que le brindo a tu vida a trav\u00e9s de mis cuadros, dibujos y esculturas. Todos mis dibujos comienzan con <strong>l\u00edneas hechas al azar<\/strong> con los ojos cerrados, pero adem\u00e1s con la <strong>emoci\u00f3n<\/strong> que me da el saber que voy a <strong>descubrir a alguien<\/strong> detr\u00e1s de dichas l\u00edneas.<\/p>\n<p style=\"text-align: center;\"><a href=\"http:\/\/atamayka.com\/art\/wp-content\/uploads\/2016\/10\/Atamayka-Art-Process-es.jpg\"><img loading=\"lazy\" decoding=\"async\" class=\"aligncenter wp-image-802 size-large\" src=\"http:\/\/atamayka.com\/art\/wp-content\/uploads\/2016\/10\/Atamayka-Art-Process-es-500x336.jpg\" width=\"500\" height=\"336\" srcset=\"http:\/\/atamayka.com\/art\/wp-content\/uploads\/2016\/10\/Atamayka-Art-Process-es-500x336.jpg 500w, http:\/\/atamayka.com\/art\/wp-content\/uploads\/2016\/10\/Atamayka-Art-Process-es-110x74.jpg 110w, http:\/\/atamayka.com\/art\/wp-content\/uploads\/2016\/10\/Atamayka-Art-Process-es-250x168.jpg 250w, http:\/\/atamayka.com\/art\/wp-content\/uploads\/2016\/10\/Atamayka-Art-Process-es-768x516.jpg 768w, http:\/\/atamayka.com\/art\/wp-content\/uploads\/2016\/10\/Atamayka-Art-Process-es-150x101.jpg 150w, http:\/\/atamayka.com\/art\/wp-content\/uploads\/2016\/10\/Atamayka-Art-Process-es-400x269.jpg 400w, http:\/\/atamayka.com\/art\/wp-content\/uploads\/2016\/10\/Atamayka-Art-Process-es-624x420.jpg 624w, http:\/\/atamayka.com\/art\/wp-content\/uploads\/2016\/10\/Atamayka-Art-Process-es.jpg 800w\" sizes=\"auto, (max-width: 500px) 100vw, 500px\" \/><\/a><span class=\"small-text\">(haga click en la im\u00e1gen para agrandarla)<\/span><\/p>\n<p style=\"text-align: left;\"><strong>Considero equivocado<\/strong> el que en nuestra sociedad actual seamos instruidos, sobre todo por los medios de comunicaci\u00f3n, que <strong>el valor humano depende de factores como las finanzas o el aspecto f\u00edsico<\/strong>. Crecemos con historias que promueven esto.<\/p>\n<blockquote><p>Es por esto que <strong>tengo como misi\u00f3n<\/strong> el ayudar a redefinir \u00abque\u00bb y a \u00abqui\u00e9n\u00bb consideramos <strong>bonito, aceptado y de valor<\/strong>. Yo resalto la nariz grande y esa bella sonrisa asim\u00e9trica, la belleza del momento de gente normal, <strong>como quiera que sea<\/strong>&#8230;<br \/>\n<strong>un dibujo a la vez<\/strong>.<\/p><\/blockquote>\n<hr \/>\n<h2>+ Algunos comentarios acerca de mi trabajo:<\/h2>\n<p><span class=\"alignleft\"><iframe loading=\"lazy\" src=\"https:\/\/www.youtube.com\/embed\/8YvjHymcN9U?rel=0\" width=\"260\" height=\"146\" frameborder=\"0\" allowfullscreen=\"allowfullscreen\"><\/iframe><\/span><\/p>\n<p><em>\u00abUn lugar merecido para la exploraci\u00f3n art\u00edstica\u00bb<\/em><br \/>\nVeronika Spielbichler<br \/>\nPeriodista<br \/>\n<a class=\"brown-link\" href=\"http:\/\/www.vero-online.info\/page.php?id=2179\" target=\"_blank\">Vero online<\/a><\/p>\n<p>&nbsp;<\/p>\n<p><em>\u00abEste fascinante juego de descubrimiento hace \u00fanicas a estas piezas&#8230;\u00bb<\/em><br \/>\nBirgit &#8211; Blogger de <a class=\"brown-link\" href=\"http:\/\/the-picture-garden.blogspot.co.at\/2014\/11\/austrian-etsy-atamayka.html\" target=\"_blank\">The Picture Garden<\/a><\/p>\n<p><em>\u00abTu \u00e9res especial y \u00fanica. Cuando puedes tomar algo en su estado primitivo y lo conviertes en algo de calidad y con humor, adem\u00e1s de hacer que las personas se identifiquen con ello&#8230; eres un \u00e9xito!\u00bb<\/em><br \/>\nPatricia K.<\/p>\n<p><em>\u00abEl regalo perfecto para nosotros! Cumplimos 40 a\u00f1os de casados y pienso que esta es la caricatura perfecta de una pareja en la que ambos son compatibles y se parecen, pero a la vez que son exc\u00e9ntricos y tienen una actitud humorosa. Igual a nosotros!\u00bb<\/em><br \/>\nSusan B.<\/p>\n<p><em>\u00abAtamayka es una gran artista! La pieza que compr\u00e9 es hermosa.\u00bb<\/em><br \/>\nMaria C.R.<\/p>\n<p><em>\u00abEstas caras me hablan!\u00bb<\/em><br \/>\nKarin R.<\/p>\n<p><span id=\"small-form-optin-es\" class=\"alignleft\"><em>Recibe directamente<\/em><br \/>\n<em> en tu entrada de correo:<\/em><br \/>\n<em> * noticias del momento<\/em><br \/>\n<em> * opciones especiales<\/em><br \/>\n<em> * im\u00e1genes exclusivas de mi arte<br \/>\ny su proceso<\/em>\n\t<section id=\"yikes-mailchimp-container-8\" class=\"yikes-mailchimp-container yikes-mailchimp-container-8 \">\n\t\t\t\t<form id=\"atamayka-com-small-8\" class=\"yikes-easy-mc-form yikes-easy-mc-form-8  english-small\" method=\"POST\" data-attr-form-id=\"8\">\n\n\t\t\t\t\t\t\t\t\t\t\t\t\t<label for=\"yikes-easy-mc-form-8-EMAIL\"  class=\"EMAIL-label yikes-mailchimp-field-required \">\n\n\t\t\t\t\t\t\t\t\t\t<!-- dictate label visibility -->\n\t\t\t\t\t\t\t\t\t\t\t\t\t\t\t\t\t\t\t\t\t<span class=\"EMAIL-label\">\n\t\t\t\t\t\t\t\t\t\t\t\tEmail Address\t\t\t\t\t\t\t\t\t\t\t<\/span>\n\t\t\t\t\t\t\t\t\t\t\n\t\t\t\t\t\t\t\t\t\t<!-- Description Above -->\n\t\t\t\t\t\t\t\t\t\t\n\t\t\t\t\t\t\t\t\t\t<input id=\"yikes-easy-mc-form-8-EMAIL\"  name=\"EMAIL\"  placeholder=\"e-mail\"  class=\"yikes-easy-mc-email white\"  required=\"required\" type=\"email\"  value=\"\">\n\n\t\t\t\t\t\t\t\t\t\t<!-- Description Below -->\n\t\t\t\t\t\t\t\t\t\t\n\t\t\t\t\t\t\t\t\t<\/label>\n\t\t\t\t\t\t\t\t\t\t\t\t\t\t\t\t\t\t<label for=\"yikes-easy-mc-form-8-FNAME\"  class=\"FNAME-label \">\n\n\t\t\t\t\t\t\t\t\t\t<!-- dictate label visibility -->\n\t\t\t\t\t\t\t\t\t\t\t\t\t\t\t\t\t\t\t\t\t<span class=\"FNAME-label\">\n\t\t\t\t\t\t\t\t\t\t\t\tFirst Name\t\t\t\t\t\t\t\t\t\t\t<\/span>\n\t\t\t\t\t\t\t\t\t\t\n\t\t\t\t\t\t\t\t\t\t<!-- Description Above -->\n\t\t\t\t\t\t\t\t\t\t\n\t\t\t\t\t\t\t\t\t\t<input id=\"yikes-easy-mc-form-8-FNAME\"  name=\"FNAME\"  placeholder=\"name - nombre\"  class=\"yikes-easy-mc-text white\"   type=\"text\"  value=\"\">\n\n\t\t\t\t\t\t\t\t\t\t<!-- Description Below -->\n\t\t\t\t\t\t\t\t\t\t\n\t\t\t\t\t\t\t\t\t<\/label>\n\t\t\t\t\t\t\t\t\t\n\t\t\t\t<!-- Honeypot Trap -->\n\t\t\t\t<input type=\"hidden\" name=\"yikes-mailchimp-honeypot\" id=\"yikes-mailchimp-honeypot-8\" value=\"\">\n\n\t\t\t\t<!-- List ID -->\n\t\t\t\t<input type=\"hidden\" name=\"yikes-mailchimp-associated-list-id\" id=\"yikes-mailchimp-associated-list-id-8\" value=\"5cd3261441\">\n\n\t\t\t\t<!-- The form that is being submitted! Used to display error\/success messages above the correct form -->\n\t\t\t\t<input type=\"hidden\" name=\"yikes-mailchimp-submitted-form\" id=\"yikes-mailchimp-submitted-form-8\" value=\"8\">\n\n\t\t\t\t<!-- Submit Button -->\n\t\t\t\t<button type=\"submit\" class=\"yikes-easy-mc-submit-button yikes-easy-mc-submit-button-8 btn btn-primary english-small-button\"> <span class=\"yikes-mailchimp-submit-button-span-text\">Send - Senden - Enviar<\/span><\/button>\t\t\t\t<!-- Nonce Security Check -->\n\t\t\t\t<input type=\"hidden\" id=\"yikes_easy_mc_new_subscriber_8\" name=\"yikes_easy_mc_new_subscriber\" value=\"8a50b5569a\">\n\t\t\t\t<input type=\"hidden\" name=\"_wp_http_referer\" value=\"\/art\/es\/wp-json\/wp\/v2\/pages\/502\" \/>\n\t\t\t<\/form>\n\t\t\t<!-- Mailchimp Form generated by Easy Forms for Mailchimp v6.9.0 (https:\/\/wordpress.org\/plugins\/yikes-inc-easy-mailchimp-extender\/) -->\n\n\t\t\t<\/section>\n\t<\/span><\/p>\n<p>[supsystic-slider id=1 position=\u00bbcenter\u00bb]<\/p>\n<h2 id=\"stardust-es\">+Acerca de Atamayka<\/h2>\n<p>Yo nunca pens\u00e9 que iba a ser una artista. De ni\u00f1a siempre quise ser cantante o pintora, no importaba cual, pero ten\u00eda que ser muy famosa. El ser mi cr\u00edtica mas fuerte me llev\u00f3, en el curso de mi vida, a perseguir metas mas realistas como ser astronauta o astrof\u00edsica. <strong>Es obvio que me siento atra\u00edda por el polvo de estrellas.<\/strong><\/p>\n<p><a href=\"http:\/\/atamayka.com\/art\/wp-content\/uploads\/2016\/10\/Painting_HairOnFire-Atamayka.jpg\"><img loading=\"lazy\" decoding=\"async\" class=\"alignleft wp-image-658\" src=\"http:\/\/atamayka.com\/art\/wp-content\/uploads\/2016\/10\/Painting_HairOnFire-Atamayka-500x689.jpg\" alt=\"painting_haironfire-atamayka\" width=\"260\" height=\"358\" srcset=\"http:\/\/atamayka.com\/art\/wp-content\/uploads\/2016\/10\/Painting_HairOnFire-Atamayka-500x689.jpg 500w, http:\/\/atamayka.com\/art\/wp-content\/uploads\/2016\/10\/Painting_HairOnFire-Atamayka-107x147.jpg 107w, http:\/\/atamayka.com\/art\/wp-content\/uploads\/2016\/10\/Painting_HairOnFire-Atamayka-181x250.jpg 181w, http:\/\/atamayka.com\/art\/wp-content\/uploads\/2016\/10\/Painting_HairOnFire-Atamayka-109x150.jpg 109w, http:\/\/atamayka.com\/art\/wp-content\/uploads\/2016\/10\/Painting_HairOnFire-Atamayka-388x535.jpg 388w, http:\/\/atamayka.com\/art\/wp-content\/uploads\/2016\/10\/Painting_HairOnFire-Atamayka.jpg 600w\" sizes=\"auto, (max-width: 260px) 100vw, 260px\" \/><\/a><br \/>\nLa matem\u00e1tica y la f\u00edsica se me hicieron f\u00e1ciles en la escuela secundaria. Pero eso s\u00f3lo fu\u00e9 hasta que hice un ex\u00e1men vocacional que destruy\u00f3 las esperanzas de mi padre, <strong>mi yo subconsciente era una artista empedernida<\/strong>. Opt\u00e9 por carreras con toque art\u00edstico con las que podr\u00eda pagar las cuentas. Termin\u00e9 estudiando dise\u00f1o gr\u00e1fico e iba por la mitad de arquitectura cuando decid\u00ed tomarme unas cortas vacaciones. <strong>Este corto viaje a Europa ha durado ya 17 a\u00f1os<\/strong>. Ocho de los cuales casi se me olvidaron mis actividades y anhelos art\u00edsticos.<\/p>\n<p>Viendo hacia atr\u00e1s, en estos \u00faltimos nueve a\u00f1os de mi desarrollo art\u00edstico, la casualidad afortunada (<strong>serendipity<\/strong> en ingl\u00e9s) siempre han sido un tema en mi vida. Siempre hay un camino sorprendente y una experiencia inesperadamente conmovedora.<\/p>\n<blockquote><p><strong>Yo conf\u00edo en la vida a trav\u00e9s de cada decisi\u00f3n que tomo y cada l\u00ednea que trazo. Siempre hay algo hermoso que est\u00e1 a la espera de ser descubierto.<\/strong><\/p><\/blockquote>\n<hr \/>\n<p style=\"text-align: center;\"><strong>Gracias por haber le\u00eddo todo esto!<\/strong><br \/>\nMe encantar\u00eda <strong>mantener este contacto a trav\u00e9s de mi newsletter<\/strong>. Yo la enviar\u00e9 una o dos veces al mes y te mostrar\u00e1 cosas que son <strong>s\u00f3lo para suscriptores.<\/strong> Por ejemplo, primeras opciones a piezas de arte, im\u00e1genes del proceso de creaci\u00f3n as\u00ed como novedades.<br \/>\n\n\t<section id=\"yikes-mailchimp-container-9\" class=\"yikes-mailchimp-container yikes-mailchimp-container-9 \">\n\t\t\t\t<form id=\"atamayka-com-big-9\" class=\"yikes-easy-mc-form yikes-easy-mc-form-9  \" method=\"POST\" data-attr-form-id=\"9\">\n\n\t\t\t\t\t\t\t\t\t\t\t\t\t<label for=\"yikes-easy-mc-form-9-EMAIL\"  class=\"EMAIL-label yikes-mailchimp-field-required \">\n\n\t\t\t\t\t\t\t\t\t\t<!-- dictate label visibility -->\n\t\t\t\t\t\t\t\t\t\t\t\t\t\t\t\t\t\t\t\t\t<span class=\"EMAIL-label\">\n\t\t\t\t\t\t\t\t\t\t\t\tEmail Address\t\t\t\t\t\t\t\t\t\t\t<\/span>\n\t\t\t\t\t\t\t\t\t\t\n\t\t\t\t\t\t\t\t\t\t<!-- Description Above -->\n\t\t\t\t\t\t\t\t\t\t\n\t\t\t\t\t\t\t\t\t\t<input id=\"yikes-easy-mc-form-9-EMAIL\"  name=\"EMAIL\"  placeholder=\"e-mail\"  class=\"yikes-easy-mc-email \"  required=\"required\" type=\"email\"  value=\"\">\n\n\t\t\t\t\t\t\t\t\t\t<!-- Description Below -->\n\t\t\t\t\t\t\t\t\t\t\n\t\t\t\t\t\t\t\t\t<\/label>\n\t\t\t\t\t\t\t\t\t\t\t\t\t\t\t\t\t\t<label for=\"yikes-easy-mc-form-9-FNAME\"  class=\"FNAME-label \">\n\n\t\t\t\t\t\t\t\t\t\t<!-- dictate label visibility -->\n\t\t\t\t\t\t\t\t\t\t\t\t\t\t\t\t\t\t\t\t\t<span class=\"FNAME-label\">\n\t\t\t\t\t\t\t\t\t\t\t\tFirst Name\t\t\t\t\t\t\t\t\t\t\t<\/span>\n\t\t\t\t\t\t\t\t\t\t\n\t\t\t\t\t\t\t\t\t\t<!-- Description Above -->\n\t\t\t\t\t\t\t\t\t\t\n\t\t\t\t\t\t\t\t\t\t<input id=\"yikes-easy-mc-form-9-FNAME\"  name=\"FNAME\"  placeholder=\"name - nombre\"  class=\"yikes-easy-mc-text \"   type=\"text\"  value=\"\">\n\n\t\t\t\t\t\t\t\t\t\t<!-- Description Below -->\n\t\t\t\t\t\t\t\t\t\t\n\t\t\t\t\t\t\t\t\t<\/label>\n\t\t\t\t\t\t\t\t\t\n\t\t\t\t<!-- Honeypot Trap -->\n\t\t\t\t<input type=\"hidden\" name=\"yikes-mailchimp-honeypot\" id=\"yikes-mailchimp-honeypot-9\" value=\"\">\n\n\t\t\t\t<!-- List ID -->\n\t\t\t\t<input type=\"hidden\" name=\"yikes-mailchimp-associated-list-id\" id=\"yikes-mailchimp-associated-list-id-9\" value=\"5cd3261441\">\n\n\t\t\t\t<!-- The form that is being submitted! Used to display error\/success messages above the correct form -->\n\t\t\t\t<input type=\"hidden\" name=\"yikes-mailchimp-submitted-form\" id=\"yikes-mailchimp-submitted-form-9\" value=\"9\">\n\n\t\t\t\t<!-- Submit Button -->\n\t\t\t\t<button type=\"submit\" class=\"yikes-easy-mc-submit-button yikes-easy-mc-submit-button-9 btn btn-primary \"> <span class=\"yikes-mailchimp-submit-button-span-text\">Send - Senden - Enviar<\/span><\/button>\t\t\t\t<!-- Nonce Security Check -->\n\t\t\t\t<input type=\"hidden\" id=\"yikes_easy_mc_new_subscriber_9\" name=\"yikes_easy_mc_new_subscriber\" value=\"8a50b5569a\">\n\t\t\t\t<input type=\"hidden\" name=\"_wp_http_referer\" value=\"\/art\/es\/wp-json\/wp\/v2\/pages\/502\" \/>\n\t\t\t<\/form>\n\t\t\t<!-- Mailchimp Form generated by Easy Forms for Mailchimp v6.9.0 (https:\/\/wordpress.org\/plugins\/yikes-inc-easy-mailchimp-extender\/) -->\n\n\t\t\t<\/section>\n\t<\/p>\n<p style=\"text-align: center;\">P.D. Siempre podr\u00e1s cancelar tu suscripci\u00f3n y mantendr\u00e9 tus datos de manera privada.<\/p>\n<p style=\"text-align: center;\">Saludos!<\/p>\n<p style=\"text-align: center;\">Atamayka<\/p>\n<hr \/>\n<p style=\"text-align: center;\">Para ver mis peque\u00f1os videos diarios de dibujos y pinturas me puedes seguir tambi\u00e9n en <a class=\"brown-link\" style=\"text-align: center;\" href=\"https:\/\/www.instagram.com\/drawingserendipities\/\" target=\"_blank\">instagram<\/a> y <a class=\"brown-link\" href=\"https:\/\/www.facebook.com\/drawingserendipities\/\" target=\"_blank\">facebook<\/a><\/p>\n<p style=\"text-align: center;\"><iframe loading=\"lazy\" src=\"https:\/\/www.youtube.com\/embed\/kEbfx-TmnAo?rel=0\" width=\"519\" height=\"292\" frameborder=\"0\" allowfullscreen=\"allowfullscreen\"><\/iframe><\/p>\n<p>&nbsp;<\/p>\n<p><span style=\"border-radius: 2px; text-indent: 20px; width: auto; padding: 0px 4px 0px 0px; text-align: center; font: bold 11px\/20px 'Helvetica Neue',Helvetica,sans-serif; color: #ffffff; background: #bd081c no-repeat scroll 3px 50% \/ 14px 14px; position: absolute; opacity: 1; z-index: 8675309; display: none; cursor: pointer; top: 32px; left: 126px;\">Merken<\/span><\/p>\n<p><span style=\"border-radius: 2px; text-indent: 20px; width: auto; padding: 0px 4px 0px 0px; text-align: center; font: bold 11px\/20px 'Helvetica Neue',Helvetica,sans-serif; color: #ffffff; background: #bd081c no-repeat scroll 3px 50% \/ 14px 14px; position: absolute; opacity: 1; z-index: 8675309; display: none; cursor: pointer;\">Merken<\/span><\/p>\n<p><span style=\"border-radius: 2px; text-indent: 20px; width: auto; padding: 0px 4px 0px 0px; text-align: center; font: bold 11px\/20px 'Helvetica Neue',Helvetica,sans-serif; color: #ffffff; background: #bd081c no-repeat scroll 3px 50% \/ 14px 14px; position: absolute; opacity: 1; z-index: 8675309; display: none; cursor: pointer;\">Merken<\/span><\/p>\n<p><span style=\"border-radius: 2px; text-indent: 20px; width: auto; padding: 0px 4px 0px 0px; text-align: center; font: bold 11px\/20px 'Helvetica Neue',Helvetica,sans-serif; color: #ffffff; background: #bd081c no-repeat scroll 3px 50% \/ 14px 14px; position: absolute; opacity: 1; z-index: 8675309; display: none; cursor: pointer; top: 32px; left: 126px;\">Merken<\/span><\/p>","protected":false},"excerpt":{"rendered":"<p>+ Arte, Caras &amp; Humor en lienzo y arcilla Humor y narraciones de hall\u00e1zgos afortunados son los ingredientes principales que le brindo a tu vida a trav\u00e9s de mis cuadros, dibujos y esculturas. Todos mis dibujos comienzan con l\u00edneas hechas al azar con los ojos cerrados, pero adem\u00e1s con la emoci\u00f3n que me da el [&hellip;]<\/p>\n","protected":false},"author":1,"featured_media":0,"parent":0,"menu_order":0,"comment_status":"closed","ping_status":"closed","template":"","meta":{"_exactmetrics_skip_tracking":false,"_exactmetrics_sitenote_active":false,"_exactmetrics_sitenote_note":"","_exactmetrics_sitenote_category":0,"footnotes":""},"class_list":["post-502","page","type-page","status-publish","hentry"],"_links":{"self":[{"href":"http:\/\/atamayka.com\/art\/es\/wp-json\/wp\/v2\/pages\/502","targetHints":{"allow":["GET"]}}],"collection":[{"href":"http:\/\/atamayka.com\/art\/es\/wp-json\/wp\/v2\/pages"}],"about":[{"href":"http:\/\/atamayka.com\/art\/es\/wp-json\/wp\/v2\/types\/page"}],"author":[{"embeddable":true,"href":"http:\/\/atamayka.com\/art\/es\/wp-json\/wp\/v2\/users\/1"}],"replies":[{"embeddable":true,"href":"http:\/\/atamayka.com\/art\/es\/wp-json\/wp\/v2\/comments?post=502"}],"version-history":[{"count":1,"href":"http:\/\/atamayka.com\/art\/es\/wp-json\/wp\/v2\/pages\/502\/revisions"}],"predecessor-version":[{"id":1108,"href":"http:\/\/atamayka.com\/art\/es\/wp-json\/wp\/v2\/pages\/502\/revisions\/1108"}],"wp:attachment":[{"href":"http:\/\/atamayka.com\/art\/es\/wp-json\/wp\/v2\/media?parent=502"}],"curies":[{"name":"wp","href":"https:\/\/api.w.org\/{rel}","templated":true}]}}