{"id":1080,"date":"2017-02-22T17:52:02","date_gmt":"2017-02-22T16:52:02","guid":{"rendered":"http:\/\/atamayka.com\/art\/?page_id=1080"},"modified":"2017-03-07T17:43:25","modified_gmt":"2017-03-07T16:43:25","slug":"humor-serendipity-in-art-on-clay-and-canvas","status":"publish","type":"page","link":"https:\/\/atamayka.com\/art\/es\/","title":{"rendered":"Humor y hall\u00e1zgos afortunados en Arte hecho sobre lienzo y arcilla"},"content":{"rendered":"<p><div style=\"width: 518px;\" class=\"wp-video\"><video class=\"wp-video-shortcode\" id=\"video-1080-3\" width=\"518\" height=\"450\" loop autoplay preload=\"metadata\" controls=\"controls\"><source type=\"video\/mp4\" src=\"http:\/\/atamayka.com\/art\/wp-content\/uploads\/2016\/11\/Atamayka-Video-Welcome5.mp4?_=3\" \/><a href=\"http:\/\/atamayka.com\/art\/wp-content\/uploads\/2016\/11\/Atamayka-Video-Welcome5.mp4\">http:\/\/atamayka.com\/art\/wp-content\/uploads\/2016\/11\/Atamayka-Video-Welcome5.mp4<\/a><\/video><\/div><\/p>\n<h2 style=\"text-align: center;\">+ Humor y narraciones de hall\u00e1zgos afortunados<br \/>\nen Arte hecho sobre lienzo y arcilla<\/h2>\n<p style=\"text-align: center;\">Todos los d\u00edas <strong>trazo l\u00edneas<\/strong> con mis ojos cerrados.<br \/>\nY as\u00ed, de la nada <strong>surgen una cara<\/strong> y mas de ci\u00e9n&#8230; <a href=\"http:\/\/atamayka.com\/art\/es\/about-you-and-me\/\">FORTUNA?<\/a><\/p>\n<p>&nbsp;<\/p>\n<p style=\"text-align: center;\"><strong>ARTE PARA TU INBOX<br \/>\n<\/strong><\/p>\n<p style=\"text-align: center;\">\n\t<section id=\"yikes-mailchimp-container-9\" class=\"yikes-mailchimp-container yikes-mailchimp-container-9 \">\n\t\t\t\t<form id=\"atamayka-com-big-9\" class=\"yikes-easy-mc-form yikes-easy-mc-form-9  \" method=\"POST\" data-attr-form-id=\"9\">\n\n\t\t\t\t\t\t\t\t\t\t\t\t\t<label for=\"yikes-easy-mc-form-9-EMAIL\"  class=\"EMAIL-label yikes-mailchimp-field-required \">\n\n\t\t\t\t\t\t\t\t\t\t<!-- dictate label visibility -->\n\t\t\t\t\t\t\t\t\t\t\t\t\t\t\t\t\t\t\t\t\t<span class=\"EMAIL-label\">\n\t\t\t\t\t\t\t\t\t\t\t\tEmail Address\t\t\t\t\t\t\t\t\t\t\t<\/span>\n\t\t\t\t\t\t\t\t\t\t\n\t\t\t\t\t\t\t\t\t\t<!-- Description Above -->\n\t\t\t\t\t\t\t\t\t\t\n\t\t\t\t\t\t\t\t\t\t<input id=\"yikes-easy-mc-form-9-EMAIL\"  name=\"EMAIL\"  placeholder=\"e-mail\"  class=\"yikes-easy-mc-email \"  required=\"required\" type=\"email\"  value=\"\">\n\n\t\t\t\t\t\t\t\t\t\t<!-- Description Below -->\n\t\t\t\t\t\t\t\t\t\t\n\t\t\t\t\t\t\t\t\t<\/label>\n\t\t\t\t\t\t\t\t\t\t\t\t\t\t\t\t\t\t<label for=\"yikes-easy-mc-form-9-FNAME\"  class=\"FNAME-label \">\n\n\t\t\t\t\t\t\t\t\t\t<!-- dictate label visibility -->\n\t\t\t\t\t\t\t\t\t\t\t\t\t\t\t\t\t\t\t\t\t<span class=\"FNAME-label\">\n\t\t\t\t\t\t\t\t\t\t\t\tFirst Name\t\t\t\t\t\t\t\t\t\t\t<\/span>\n\t\t\t\t\t\t\t\t\t\t\n\t\t\t\t\t\t\t\t\t\t<!-- Description Above -->\n\t\t\t\t\t\t\t\t\t\t\n\t\t\t\t\t\t\t\t\t\t<input id=\"yikes-easy-mc-form-9-FNAME\"  name=\"FNAME\"  placeholder=\"name - nombre\"  class=\"yikes-easy-mc-text \"   type=\"text\"  value=\"\">\n\n\t\t\t\t\t\t\t\t\t\t<!-- Description Below -->\n\t\t\t\t\t\t\t\t\t\t\n\t\t\t\t\t\t\t\t\t<\/label>\n\t\t\t\t\t\t\t\t\t\n\t\t\t\t<!-- Honeypot Trap -->\n\t\t\t\t<input type=\"hidden\" name=\"yikes-mailchimp-honeypot\" id=\"yikes-mailchimp-honeypot-9\" value=\"\">\n\n\t\t\t\t<!-- List ID -->\n\t\t\t\t<input type=\"hidden\" name=\"yikes-mailchimp-associated-list-id\" id=\"yikes-mailchimp-associated-list-id-9\" value=\"5cd3261441\">\n\n\t\t\t\t<!-- The form that is being submitted! Used to display error\/success messages above the correct form -->\n\t\t\t\t<input type=\"hidden\" name=\"yikes-mailchimp-submitted-form\" id=\"yikes-mailchimp-submitted-form-9\" value=\"9\">\n\n\t\t\t\t<!-- Submit Button -->\n\t\t\t\t<button type=\"submit\" class=\"yikes-easy-mc-submit-button yikes-easy-mc-submit-button-9 btn btn-primary \"> <span class=\"yikes-mailchimp-submit-button-span-text\">Send - Senden - Enviar<\/span><\/button>\t\t\t\t<!-- Nonce Security Check -->\n\t\t\t\t<input type=\"hidden\" id=\"yikes_easy_mc_new_subscriber_9\" name=\"yikes_easy_mc_new_subscriber\" value=\"8a50b5569a\">\n\t\t\t\t<input type=\"hidden\" name=\"_wp_http_referer\" value=\"\/art\/es\/wp-json\/wp\/v2\/pages\/1080\" \/>\n\t\t\t<\/form>\n\t\t\t<!-- Mailchimp Form generated by Easy Forms for Mailchimp v6.9.0 (https:\/\/wordpress.org\/plugins\/yikes-inc-easy-mailchimp-extender\/) -->\n\n\t\t\t<\/section>\n\t<\/p>\n<p><\/p>","protected":false},"excerpt":{"rendered":"<p>+ Humor y narraciones de hall\u00e1zgos afortunados en Arte hecho sobre lienzo y arcilla Todos los d\u00edas trazo l\u00edneas con mis ojos cerrados. Y as\u00ed, de la nada surgen una cara y mas de ci\u00e9n&#8230; FORTUNA? &nbsp; ARTE PARA TU INBOX<\/p>\n","protected":false},"author":1,"featured_media":0,"parent":0,"menu_order":0,"comment_status":"closed","ping_status":"closed","template":"","meta":{"_exactmetrics_skip_tracking":false,"_exactmetrics_sitenote_active":false,"_exactmetrics_sitenote_note":"","_exactmetrics_sitenote_category":0,"footnotes":""},"class_list":["post-1080","page","type-page","status-publish","hentry"],"_links":{"self":[{"href":"https:\/\/atamayka.com\/art\/es\/wp-json\/wp\/v2\/pages\/1080","targetHints":{"allow":["GET"]}}],"collection":[{"href":"https:\/\/atamayka.com\/art\/es\/wp-json\/wp\/v2\/pages"}],"about":[{"href":"https:\/\/atamayka.com\/art\/es\/wp-json\/wp\/v2\/types\/page"}],"author":[{"embeddable":true,"href":"https:\/\/atamayka.com\/art\/es\/wp-json\/wp\/v2\/users\/1"}],"replies":[{"embeddable":true,"href":"https:\/\/atamayka.com\/art\/es\/wp-json\/wp\/v2\/comments?post=1080"}],"version-history":[{"count":1,"href":"https:\/\/atamayka.com\/art\/es\/wp-json\/wp\/v2\/pages\/1080\/revisions"}],"predecessor-version":[{"id":1120,"href":"https:\/\/atamayka.com\/art\/es\/wp-json\/wp\/v2\/pages\/1080\/revisions\/1120"}],"wp:attachment":[{"href":"https:\/\/atamayka.com\/art\/es\/wp-json\/wp\/v2\/media?parent=1080"}],"curies":[{"name":"wp","href":"https:\/\/api.w.org\/{rel}","templated":true}]}}