{"id":16,"date":"2014-10-05T10:23:54","date_gmt":"2014-10-05T09:23:54","guid":{"rendered":"http:\/\/atamayka.com\/art\/?page_id=16"},"modified":"2024-05-29T10:19:46","modified_gmt":"2024-05-29T08:19:46","slug":"painting","status":"publish","type":"page","link":"https:\/\/atamayka.com\/art\/es\/painting\/","title":{"rendered":"+ Pintura"},"content":{"rendered":"<p><\/p>\n\n\n\n<p>Estos retratos son comisiones en los que primero escucho la historia de los clientes y absorbo los elementos que han definido su viaje. Luego incluyo dichos elementos como parte integral de la obra de arte. Al revelar las cicatrices y los acontecimientos que dan forma a la vida de las personas, celebro la belleza de la autenticidad. En contraste con la perfecci\u00f3n que a menudo se muestra en las redes sociales, mi trabajo resalta la profunda belleza que se encuentra en nuestras experiencias reales y vividas.<\/p>\n\n\n\n<p>Mis abstracciones y pinturas figurativas se han prestado tambi\u00e9n para retratar otros temas como el proceso de construcci\u00f3n en las obras, as\u00ed como canciones y la ilustraci\u00f3n de cuentos populares y poemas. (haga clic en la imagen para una vista completa)<\/p>\n\n\n\n<figure class=\"wp-block-gallery has-nested-images columns-2 is-cropped wp-block-gallery-1 is-layout-flex wp-block-gallery-is-layout-flex\">\n<figure class=\"wp-block-image size-full\"><a href=\"https:\/\/atamayka.com\/art\/wp-content\/uploads\/2024\/05\/BlessedOnThe3rdDay_Atamayka-k.jpg\"><img loading=\"lazy\" decoding=\"async\" width=\"800\" height=\"1031\" data-id=\"1301\" src=\"https:\/\/atamayka.com\/art\/wp-content\/uploads\/2024\/05\/BlessedOnThe3rdDay_Atamayka-k.jpg\" alt=\"\" class=\"wp-image-1301\" srcset=\"https:\/\/atamayka.com\/art\/wp-content\/uploads\/2024\/05\/BlessedOnThe3rdDay_Atamayka-k.jpg 800w, https:\/\/atamayka.com\/art\/wp-content\/uploads\/2024\/05\/BlessedOnThe3rdDay_Atamayka-k-349x450.jpg 349w, https:\/\/atamayka.com\/art\/wp-content\/uploads\/2024\/05\/BlessedOnThe3rdDay_Atamayka-k-110x142.jpg 110w, https:\/\/atamayka.com\/art\/wp-content\/uploads\/2024\/05\/BlessedOnThe3rdDay_Atamayka-k-768x990.jpg 768w, https:\/\/atamayka.com\/art\/wp-content\/uploads\/2024\/05\/BlessedOnThe3rdDay_Atamayka-k-624x804.jpg 624w\" sizes=\"auto, (max-width: 800px) 100vw, 800px\" \/><\/a><\/figure>\n\n\n\n<figure class=\"wp-block-image size-full\"><a href=\"https:\/\/atamayka.com\/art\/wp-content\/uploads\/2024\/05\/DieGaertnerin_Atamayka-k.jpg\"><img loading=\"lazy\" decoding=\"async\" width=\"800\" height=\"987\" data-id=\"1302\" src=\"https:\/\/atamayka.com\/art\/wp-content\/uploads\/2024\/05\/DieGaertnerin_Atamayka-k.jpg\" alt=\"\" class=\"wp-image-1302\" srcset=\"https:\/\/atamayka.com\/art\/wp-content\/uploads\/2024\/05\/DieGaertnerin_Atamayka-k.jpg 800w, https:\/\/atamayka.com\/art\/wp-content\/uploads\/2024\/05\/DieGaertnerin_Atamayka-k-365x450.jpg 365w, https:\/\/atamayka.com\/art\/wp-content\/uploads\/2024\/05\/DieGaertnerin_Atamayka-k-110x136.jpg 110w, https:\/\/atamayka.com\/art\/wp-content\/uploads\/2024\/05\/DieGaertnerin_Atamayka-k-768x948.jpg 768w, https:\/\/atamayka.com\/art\/wp-content\/uploads\/2024\/05\/DieGaertnerin_Atamayka-k-624x770.jpg 624w\" sizes=\"auto, (max-width: 800px) 100vw, 800px\" \/><\/a><\/figure>\n\n\n\n<figure class=\"wp-block-image size-full\"><a href=\"https:\/\/atamayka.com\/art\/wp-content\/uploads\/2024\/05\/Vivere-Carlo-Chiavistrelli-2022_Atamayka-k.jpg\"><img loading=\"lazy\" decoding=\"async\" width=\"800\" height=\"1065\" data-id=\"1321\" src=\"https:\/\/atamayka.com\/art\/wp-content\/uploads\/2024\/05\/Vivere-Carlo-Chiavistrelli-2022_Atamayka-k.jpg\" alt=\"\" class=\"wp-image-1321\" srcset=\"https:\/\/atamayka.com\/art\/wp-content\/uploads\/2024\/05\/Vivere-Carlo-Chiavistrelli-2022_Atamayka-k.jpg 800w, https:\/\/atamayka.com\/art\/wp-content\/uploads\/2024\/05\/Vivere-Carlo-Chiavistrelli-2022_Atamayka-k-338x450.jpg 338w, https:\/\/atamayka.com\/art\/wp-content\/uploads\/2024\/05\/Vivere-Carlo-Chiavistrelli-2022_Atamayka-k-110x147.jpg 110w, https:\/\/atamayka.com\/art\/wp-content\/uploads\/2024\/05\/Vivere-Carlo-Chiavistrelli-2022_Atamayka-k-768x1022.jpg 768w, https:\/\/atamayka.com\/art\/wp-content\/uploads\/2024\/05\/Vivere-Carlo-Chiavistrelli-2022_Atamayka-k-624x831.jpg 624w\" sizes=\"auto, (max-width: 800px) 100vw, 800px\" \/><\/a><\/figure>\n\n\n\n<figure class=\"wp-block-image size-full\"><a href=\"https:\/\/atamayka.com\/art\/wp-content\/uploads\/2024\/05\/Coolnest-2-Hanel-Carma_Atamayka-k.jpg\"><img loading=\"lazy\" decoding=\"async\" width=\"1224\" height=\"800\" data-id=\"1319\" src=\"https:\/\/atamayka.com\/art\/wp-content\/uploads\/2024\/05\/Coolnest-2-Hanel-Carma_Atamayka-k.jpg\" alt=\"\" class=\"wp-image-1319\" srcset=\"https:\/\/atamayka.com\/art\/wp-content\/uploads\/2024\/05\/Coolnest-2-Hanel-Carma_Atamayka-k.jpg 1224w, https:\/\/atamayka.com\/art\/wp-content\/uploads\/2024\/05\/Coolnest-2-Hanel-Carma_Atamayka-k-519x339.jpg 519w, https:\/\/atamayka.com\/art\/wp-content\/uploads\/2024\/05\/Coolnest-2-Hanel-Carma_Atamayka-k-110x72.jpg 110w, https:\/\/atamayka.com\/art\/wp-content\/uploads\/2024\/05\/Coolnest-2-Hanel-Carma_Atamayka-k-768x502.jpg 768w, https:\/\/atamayka.com\/art\/wp-content\/uploads\/2024\/05\/Coolnest-2-Hanel-Carma_Atamayka-k-624x408.jpg 624w\" sizes=\"auto, (max-width: 1224px) 100vw, 1224px\" \/><\/a><\/figure>\n\n\n\n<figure class=\"wp-block-image size-full\"><a href=\"https:\/\/atamayka.com\/art\/wp-content\/uploads\/2024\/05\/ThePlantCanSing_Atamayka-k.jpg\"><img loading=\"lazy\" decoding=\"async\" width=\"800\" height=\"1040\" data-id=\"1306\" src=\"https:\/\/atamayka.com\/art\/wp-content\/uploads\/2024\/05\/ThePlantCanSing_Atamayka-k.jpg\" alt=\"\" class=\"wp-image-1306\" srcset=\"https:\/\/atamayka.com\/art\/wp-content\/uploads\/2024\/05\/ThePlantCanSing_Atamayka-k.jpg 800w, https:\/\/atamayka.com\/art\/wp-content\/uploads\/2024\/05\/ThePlantCanSing_Atamayka-k-346x450.jpg 346w, https:\/\/atamayka.com\/art\/wp-content\/uploads\/2024\/05\/ThePlantCanSing_Atamayka-k-110x143.jpg 110w, https:\/\/atamayka.com\/art\/wp-content\/uploads\/2024\/05\/ThePlantCanSing_Atamayka-k-768x998.jpg 768w, https:\/\/atamayka.com\/art\/wp-content\/uploads\/2024\/05\/ThePlantCanSing_Atamayka-k-624x811.jpg 624w\" sizes=\"auto, (max-width: 800px) 100vw, 800px\" \/><\/a><\/figure>\n\n\n\n<figure class=\"wp-block-image size-full\"><a href=\"https:\/\/atamayka.com\/art\/wp-content\/uploads\/2024\/05\/SheWearsFlowersOnTheInside_Atamayka-k.jpg\"><img loading=\"lazy\" decoding=\"async\" width=\"800\" height=\"984\" data-id=\"1305\" src=\"https:\/\/atamayka.com\/art\/wp-content\/uploads\/2024\/05\/SheWearsFlowersOnTheInside_Atamayka-k.jpg\" alt=\"\" class=\"wp-image-1305\" srcset=\"https:\/\/atamayka.com\/art\/wp-content\/uploads\/2024\/05\/SheWearsFlowersOnTheInside_Atamayka-k.jpg 800w, https:\/\/atamayka.com\/art\/wp-content\/uploads\/2024\/05\/SheWearsFlowersOnTheInside_Atamayka-k-366x450.jpg 366w, https:\/\/atamayka.com\/art\/wp-content\/uploads\/2024\/05\/SheWearsFlowersOnTheInside_Atamayka-k-110x135.jpg 110w, https:\/\/atamayka.com\/art\/wp-content\/uploads\/2024\/05\/SheWearsFlowersOnTheInside_Atamayka-k-768x945.jpg 768w, https:\/\/atamayka.com\/art\/wp-content\/uploads\/2024\/05\/SheWearsFlowersOnTheInside_Atamayka-k-624x768.jpg 624w\" sizes=\"auto, (max-width: 800px) 100vw, 800px\" \/><\/a><\/figure>\n\n\n\n<figure class=\"wp-block-image size-full\"><a href=\"https:\/\/atamayka.com\/art\/wp-content\/uploads\/2024\/05\/MadonnaConChild-MadonnaMitKind_Atamayka-k.jpg\"><img loading=\"lazy\" decoding=\"async\" width=\"800\" height=\"1011\" data-id=\"1303\" src=\"https:\/\/atamayka.com\/art\/wp-content\/uploads\/2024\/05\/MadonnaConChild-MadonnaMitKind_Atamayka-k.jpg\" alt=\"\" class=\"wp-image-1303\" srcset=\"https:\/\/atamayka.com\/art\/wp-content\/uploads\/2024\/05\/MadonnaConChild-MadonnaMitKind_Atamayka-k.jpg 800w, https:\/\/atamayka.com\/art\/wp-content\/uploads\/2024\/05\/MadonnaConChild-MadonnaMitKind_Atamayka-k-356x450.jpg 356w, https:\/\/atamayka.com\/art\/wp-content\/uploads\/2024\/05\/MadonnaConChild-MadonnaMitKind_Atamayka-k-110x139.jpg 110w, https:\/\/atamayka.com\/art\/wp-content\/uploads\/2024\/05\/MadonnaConChild-MadonnaMitKind_Atamayka-k-768x971.jpg 768w, https:\/\/atamayka.com\/art\/wp-content\/uploads\/2024\/05\/MadonnaConChild-MadonnaMitKind_Atamayka-k-624x789.jpg 624w\" sizes=\"auto, (max-width: 800px) 100vw, 800px\" \/><\/a><\/figure>\n\n\n\n<figure class=\"wp-block-image size-full\"><a href=\"https:\/\/atamayka.com\/art\/wp-content\/uploads\/2024\/05\/Open-Abierto-Offen_Atamayka-k.jpg\"><img loading=\"lazy\" decoding=\"async\" width=\"800\" height=\"802\" data-id=\"1304\" src=\"https:\/\/atamayka.com\/art\/wp-content\/uploads\/2024\/05\/Open-Abierto-Offen_Atamayka-k.jpg\" alt=\"\" class=\"wp-image-1304\" srcset=\"https:\/\/atamayka.com\/art\/wp-content\/uploads\/2024\/05\/Open-Abierto-Offen_Atamayka-k.jpg 800w, https:\/\/atamayka.com\/art\/wp-content\/uploads\/2024\/05\/Open-Abierto-Offen_Atamayka-k-449x450.jpg 449w, https:\/\/atamayka.com\/art\/wp-content\/uploads\/2024\/05\/Open-Abierto-Offen_Atamayka-k-110x110.jpg 110w, https:\/\/atamayka.com\/art\/wp-content\/uploads\/2024\/05\/Open-Abierto-Offen_Atamayka-k-768x770.jpg 768w, https:\/\/atamayka.com\/art\/wp-content\/uploads\/2024\/05\/Open-Abierto-Offen_Atamayka-k-624x626.jpg 624w\" sizes=\"auto, (max-width: 800px) 100vw, 800px\" \/><\/a><\/figure>\n\n\n\n<figure class=\"wp-block-image size-full\"><a href=\"https:\/\/atamayka.com\/art\/wp-content\/uploads\/2024\/05\/TheTwo-25-Hanel-Carma_Atamayka-k.jpg\"><img loading=\"lazy\" decoding=\"async\" width=\"800\" height=\"1209\" data-id=\"1320\" src=\"https:\/\/atamayka.com\/art\/wp-content\/uploads\/2024\/05\/TheTwo-25-Hanel-Carma_Atamayka-k.jpg\" alt=\"\" class=\"wp-image-1320\" srcset=\"https:\/\/atamayka.com\/art\/wp-content\/uploads\/2024\/05\/TheTwo-25-Hanel-Carma_Atamayka-k.jpg 800w, https:\/\/atamayka.com\/art\/wp-content\/uploads\/2024\/05\/TheTwo-25-Hanel-Carma_Atamayka-k-298x450.jpg 298w, https:\/\/atamayka.com\/art\/wp-content\/uploads\/2024\/05\/TheTwo-25-Hanel-Carma_Atamayka-k-97x147.jpg 97w, https:\/\/atamayka.com\/art\/wp-content\/uploads\/2024\/05\/TheTwo-25-Hanel-Carma_Atamayka-k-768x1161.jpg 768w, https:\/\/atamayka.com\/art\/wp-content\/uploads\/2024\/05\/TheTwo-25-Hanel-Carma_Atamayka-k-624x943.jpg 624w\" sizes=\"auto, (max-width: 800px) 100vw, 800px\" \/><\/a><\/figure>\n\n\n\n<figure class=\"wp-block-image size-full\"><a href=\"https:\/\/atamayka.com\/art\/wp-content\/uploads\/2024\/05\/555-Abstraction-Vivere_Atamayka.jpg\"><img loading=\"lazy\" decoding=\"async\" width=\"800\" height=\"1066\" data-id=\"1318\" src=\"https:\/\/atamayka.com\/art\/wp-content\/uploads\/2024\/05\/555-Abstraction-Vivere_Atamayka.jpg\" alt=\"\" class=\"wp-image-1318\" srcset=\"https:\/\/atamayka.com\/art\/wp-content\/uploads\/2024\/05\/555-Abstraction-Vivere_Atamayka.jpg 800w, https:\/\/atamayka.com\/art\/wp-content\/uploads\/2024\/05\/555-Abstraction-Vivere_Atamayka-338x450.jpg 338w, https:\/\/atamayka.com\/art\/wp-content\/uploads\/2024\/05\/555-Abstraction-Vivere_Atamayka-110x147.jpg 110w, https:\/\/atamayka.com\/art\/wp-content\/uploads\/2024\/05\/555-Abstraction-Vivere_Atamayka-768x1023.jpg 768w, https:\/\/atamayka.com\/art\/wp-content\/uploads\/2024\/05\/555-Abstraction-Vivere_Atamayka-624x831.jpg 624w\" sizes=\"auto, (max-width: 800px) 100vw, 800px\" \/><\/a><\/figure>\n<\/figure>\n\n\n\n<figure class=\"wp-block-image size-full\"><a href=\"https:\/\/atamayka.com\/art\/wp-content\/uploads\/2024\/05\/LaReina-DieKoenigin-TheQueen_Atamayka-gallery-k.jpg\"><img loading=\"lazy\" decoding=\"async\" width=\"1207\" height=\"800\" src=\"https:\/\/atamayka.com\/art\/wp-content\/uploads\/2024\/05\/LaReina-DieKoenigin-TheQueen_Atamayka-gallery-k.jpg\" alt=\"\" class=\"wp-image-1324\" style=\"aspect-ratio:1;object-fit:cover\" srcset=\"https:\/\/atamayka.com\/art\/wp-content\/uploads\/2024\/05\/LaReina-DieKoenigin-TheQueen_Atamayka-gallery-k.jpg 1207w, https:\/\/atamayka.com\/art\/wp-content\/uploads\/2024\/05\/LaReina-DieKoenigin-TheQueen_Atamayka-gallery-k-519x344.jpg 519w, https:\/\/atamayka.com\/art\/wp-content\/uploads\/2024\/05\/LaReina-DieKoenigin-TheQueen_Atamayka-gallery-k-110x73.jpg 110w, https:\/\/atamayka.com\/art\/wp-content\/uploads\/2024\/05\/LaReina-DieKoenigin-TheQueen_Atamayka-gallery-k-768x509.jpg 768w, https:\/\/atamayka.com\/art\/wp-content\/uploads\/2024\/05\/LaReina-DieKoenigin-TheQueen_Atamayka-gallery-k-624x414.jpg 624w\" sizes=\"auto, (max-width: 1207px) 100vw, 1207px\" \/><\/a><\/figure>","protected":false},"excerpt":{"rendered":"<p>Estos retratos son comisiones en los que primero escucho la historia de los clientes y absorbo los elementos que han definido su viaje. Luego incluyo dichos elementos como parte integral de la obra de arte. Al revelar las cicatrices y los acontecimientos que dan forma a la vida de las personas, celebro la belleza de [&hellip;]<\/p>\n","protected":false},"author":1,"featured_media":1309,"parent":0,"menu_order":0,"comment_status":"closed","ping_status":"closed","template":"","meta":{"_exactmetrics_skip_tracking":false,"_exactmetrics_sitenote_active":false,"_exactmetrics_sitenote_note":"","_exactmetrics_sitenote_category":0,"footnotes":""},"class_list":["post-16","page","type-page","status-publish","has-post-thumbnail","hentry"],"_links":{"self":[{"href":"https:\/\/atamayka.com\/art\/es\/wp-json\/wp\/v2\/pages\/16","targetHints":{"allow":["GET"]}}],"collection":[{"href":"https:\/\/atamayka.com\/art\/es\/wp-json\/wp\/v2\/pages"}],"about":[{"href":"https:\/\/atamayka.com\/art\/es\/wp-json\/wp\/v2\/types\/page"}],"author":[{"embeddable":true,"href":"https:\/\/atamayka.com\/art\/es\/wp-json\/wp\/v2\/users\/1"}],"replies":[{"embeddable":true,"href":"https:\/\/atamayka.com\/art\/es\/wp-json\/wp\/v2\/comments?post=16"}],"version-history":[{"count":1,"href":"https:\/\/atamayka.com\/art\/es\/wp-json\/wp\/v2\/pages\/16\/revisions"}],"predecessor-version":[{"id":1327,"href":"https:\/\/atamayka.com\/art\/es\/wp-json\/wp\/v2\/pages\/16\/revisions\/1327"}],"wp:featuredmedia":[{"embeddable":true,"href":"https:\/\/atamayka.com\/art\/es\/wp-json\/wp\/v2\/media\/1309"}],"wp:attachment":[{"href":"https:\/\/atamayka.com\/art\/es\/wp-json\/wp\/v2\/media?parent=16"}],"curies":[{"name":"wp","href":"https:\/\/api.w.org\/{rel}","templated":true}]}}