{"id":19,"date":"2014-10-05T11:17:08","date_gmt":"2014-10-05T10:17:08","guid":{"rendered":"http:\/\/atamayka.com\/art\/?page_id=19"},"modified":"2024-05-30T13:50:30","modified_gmt":"2024-05-30T11:50:30","slug":"bio","status":"publish","type":"page","link":"https:\/\/atamayka.com\/art\/es\/bio\/","title":{"rendered":"\u00bfPor Qu\u00e9 ARTE?"},"content":{"rendered":"<div class=\"page\" title=\"Page 10\">\n<div class=\"section\">\n<div class=\"layoutArea\">\n<div class=\"column\"><\/div>\n<\/div>\n<\/div>\n<\/div>\n<p><strong>Declaraci\u00f3n del Artista<br \/>\n<\/strong>Como artista, me sumerjo en los intensos y complejos tapices de las historias humanas, capturando la esencia de cada individuo que pinto. Mis retratos son m\u00e1s que simples representaciones de rostros; son narrativas visuales que revelan la profunda belleza encontrada en la verdad y la experiencia.<\/p>\n<p>En el mundo de hoy, las redes sociales a menudo presentan una fachada curada de perfecci\u00f3n, ocultando el verdadero y a menudo tumultuoso viaje que cada persona atraviesa. Mi trabajo desaf\u00eda esta norma al revelar, en lugar de ocultar, los eventos de la vida y las cicatrices que nos forman. Escucho la historia de cada persona, absorbiendo los elementos que han definido su viaje. Estos elementos\u2014ya sean recuerdos, triunfos, dificultades o cicatrices\u2014se convierten en partes integrales de mis pinturas.<\/p>\n<p>A trav\u00e9s de este proceso art\u00edstico, celebro la belleza de la autenticidad. Cada retrato es un testimonio de la experiencia humana &#8211; \u00fanica y sin filtros , enfatizando que nuestras imperfecciones e historias son lo que realmente nos hace hermosos. Mi trabajo es una declaraci\u00f3n en contra de la representaci\u00f3n de vidas fantasiosamente perfectas, abogando en cambio por el reconocimiento y la apreciaci\u00f3n de nuestras experiencias reales y vividas.<\/p>\n<div class=\"flex flex-grow flex-col max-w-full\">\n<div class=\"min-h-[20px] text-message flex flex-col items-start whitespace-pre-wrap break-words [.text-message+&amp;]:mt-5 juice:w-full juice:items-end overflow-x-auto gap-2\" dir=\"auto\" data-message-author-role=\"assistant\" data-message-id=\"b7aa31dc-830d-4181-9b08-c092b67f30fc\">\n<div class=\"flex w-full flex-col gap-1 juice:empty:hidden juice:first:pt-[3px]\">\n<div class=\"markdown prose w-full break-words dark:prose-invert light\">\n<p><strong>Drawing Serendipities &#8211; Dibujos Diarios<\/strong><br \/>\nMe emociona la infinitud de seres que descubro detr\u00e1s de l\u00edneas o colores ciegos, sus vidas e historias imaginarias.<\/p>\n<\/div>\n<\/div>\n<\/div>\n<\/div>\n<p>\u00abLas historias y emociones ilustradas a trav\u00e9s de l\u00edneas en las esculturas &#8211; como se ve tambi\u00e9n en las 100 Urban Faces (100 rostros urbanos) &#8211; abandonan el papel y se enriquecen con la plasticidad de la arcilla. <span style=\"font-size: revert;\">El dibujo plano, bidimensional e intuitivo y su impulso por volverse tridimensional caracterizan una gran parte de mi trabajo.\u00bb<\/span><\/p>\n<p><strong>Acerca de la artista<\/strong><br \/>\nAtamayka es una artista de Venezuela que vive en Austria. Naci\u00f3 en Caracas en 1970, y pasa su infancia entre la capital venezolana y Austin, Texas, en los Estados Unidos. Al culminar su escuela secundaria, se entrena en dise\u00f1o de modas y completa posteriormente la carrera de dise\u00f1o gr\u00e1fico en la universidad; luego comienza sus estudios de arquitectura. Todos estos programas le permiten adquirir las t\u00e9cnicas y el conocimiento de materiales que dar\u00e1n forma a sus actividades art\u00edsticas.<\/p>\n<p>Despu\u00e9s de actividad acad\u00e9mica constante, el deseo de \u00abaventura\u00bb y \u00abalgo m\u00e1s que estudiar,\u00bb crece. En 1999, no inscribe el semestre de verano y decide viajar a Europa a visitar amigos. Este \u00abcorto viaje a Europa\u00bb ha durado ya veinticuatro a\u00f1os &#8230; Paralelamente a su trabajo art\u00edstico, ha trabajado desde el 2007 como dise\u00f1adora gr\u00e1fica en Austria.<\/p>\n<p>Desde 2006 trabaja preferiblemente en la creaci\u00f3n de esculturas en cer\u00e1mica y la pintura acr\u00edlica.<\/p>","protected":false},"excerpt":{"rendered":"<p>Declaraci\u00f3n del Artista Como artista, me sumerjo en los intensos y complejos tapices de las historias humanas, capturando la esencia de cada individuo que pinto. Mis retratos son m\u00e1s que simples representaciones de rostros; son narrativas visuales que revelan la profunda belleza encontrada en la verdad y la experiencia. En el mundo de hoy, las [&hellip;]<\/p>\n","protected":false},"author":1,"featured_media":351,"parent":0,"menu_order":0,"comment_status":"closed","ping_status":"closed","template":"","meta":{"_exactmetrics_skip_tracking":false,"_exactmetrics_sitenote_active":false,"_exactmetrics_sitenote_note":"","_exactmetrics_sitenote_category":0,"footnotes":""},"class_list":["post-19","page","type-page","status-publish","has-post-thumbnail","hentry"],"_links":{"self":[{"href":"https:\/\/atamayka.com\/art\/es\/wp-json\/wp\/v2\/pages\/19","targetHints":{"allow":["GET"]}}],"collection":[{"href":"https:\/\/atamayka.com\/art\/es\/wp-json\/wp\/v2\/pages"}],"about":[{"href":"https:\/\/atamayka.com\/art\/es\/wp-json\/wp\/v2\/types\/page"}],"author":[{"embeddable":true,"href":"https:\/\/atamayka.com\/art\/es\/wp-json\/wp\/v2\/users\/1"}],"replies":[{"embeddable":true,"href":"https:\/\/atamayka.com\/art\/es\/wp-json\/wp\/v2\/comments?post=19"}],"version-history":[{"count":1,"href":"https:\/\/atamayka.com\/art\/es\/wp-json\/wp\/v2\/pages\/19\/revisions"}],"predecessor-version":[{"id":1356,"href":"https:\/\/atamayka.com\/art\/es\/wp-json\/wp\/v2\/pages\/19\/revisions\/1356"}],"wp:featuredmedia":[{"embeddable":true,"href":"https:\/\/atamayka.com\/art\/es\/wp-json\/wp\/v2\/media\/351"}],"wp:attachment":[{"href":"https:\/\/atamayka.com\/art\/es\/wp-json\/wp\/v2\/media?parent=19"}],"curies":[{"name":"wp","href":"https:\/\/api.w.org\/{rel}","templated":true}]}}