{"id":393,"date":"2014-10-15T06:25:43","date_gmt":"2014-10-15T05:25:43","guid":{"rendered":"http:\/\/atamayka.com\/art\/?page_id=393"},"modified":"2017-03-16T10:59:04","modified_gmt":"2017-03-16T09:59:04","slug":"art-for-your-inbox","status":"publish","type":"page","link":"https:\/\/atamayka.com\/art\/es\/art-for-your-inbox\/","title":{"rendered":"+ Recibe mi correo de noticias"},"content":{"rendered":"<p><div style=\"width: 625px;\" class=\"wp-video\"><video class=\"wp-video-shortcode\" id=\"video-393-3\" width=\"625\" height=\"542\" autoplay preload=\"metadata\" controls=\"controls\"><source type=\"video\/mp4\" src=\"http:\/\/atamayka.com\/art\/wp-content\/uploads\/2014\/10\/Ice-Cream-Girl-Atamayka.mp4?_=3\" \/><a href=\"http:\/\/atamayka.com\/art\/wp-content\/uploads\/2014\/10\/Ice-Cream-Girl-Atamayka.mp4\">http:\/\/atamayka.com\/art\/wp-content\/uploads\/2014\/10\/Ice-Cream-Girl-Atamayka.mp4<\/a><\/video><\/div><\/p>\n<h2 style=\"text-align: center;\">+ Inscr\u00edbete! Arte, Humor y Narraciones<br \/>\nde Hall\u00e1zgos Afortunados en tu Correo<\/h2>\n<p style=\"text-align: center;\">Me ver\u00e1s en videos mientras trabajo, leer\u00e1s historias<br \/>\nde algunas de mis piezas y tambi\u00e9n obtendr\u00e1s:<\/p>\n<ul>\n<li style=\"text-align: center;\">opciones especiales solo para suscriptores<br \/>\n&#8211; en etapa de producci\u00f3n, pronto disponible! &#8211;<\/li>\n<\/ul>\n\n\t<section id=\"yikes-mailchimp-container-9\" class=\"yikes-mailchimp-container yikes-mailchimp-container-9 \">\n\t\t\t\t<form id=\"atamayka-com-big-9\" class=\"yikes-easy-mc-form yikes-easy-mc-form-9  \" method=\"POST\" data-attr-form-id=\"9\">\n\n\t\t\t\t\t\t\t\t\t\t\t\t\t<label for=\"yikes-easy-mc-form-9-EMAIL\"  class=\"EMAIL-label yikes-mailchimp-field-required \">\n\n\t\t\t\t\t\t\t\t\t\t<!-- dictate label visibility -->\n\t\t\t\t\t\t\t\t\t\t\t\t\t\t\t\t\t\t\t\t\t<span class=\"EMAIL-label\">\n\t\t\t\t\t\t\t\t\t\t\t\tEmail Address\t\t\t\t\t\t\t\t\t\t\t<\/span>\n\t\t\t\t\t\t\t\t\t\t\n\t\t\t\t\t\t\t\t\t\t<!-- Description Above -->\n\t\t\t\t\t\t\t\t\t\t\n\t\t\t\t\t\t\t\t\t\t<input id=\"yikes-easy-mc-form-9-EMAIL\"  name=\"EMAIL\"  placeholder=\"e-mail\"  class=\"yikes-easy-mc-email \"  required=\"required\" type=\"email\"  value=\"\">\n\n\t\t\t\t\t\t\t\t\t\t<!-- Description Below -->\n\t\t\t\t\t\t\t\t\t\t\n\t\t\t\t\t\t\t\t\t<\/label>\n\t\t\t\t\t\t\t\t\t\t\t\t\t\t\t\t\t\t<label for=\"yikes-easy-mc-form-9-FNAME\"  class=\"FNAME-label \">\n\n\t\t\t\t\t\t\t\t\t\t<!-- dictate label visibility -->\n\t\t\t\t\t\t\t\t\t\t\t\t\t\t\t\t\t\t\t\t\t<span class=\"FNAME-label\">\n\t\t\t\t\t\t\t\t\t\t\t\tFirst Name\t\t\t\t\t\t\t\t\t\t\t<\/span>\n\t\t\t\t\t\t\t\t\t\t\n\t\t\t\t\t\t\t\t\t\t<!-- Description Above -->\n\t\t\t\t\t\t\t\t\t\t\n\t\t\t\t\t\t\t\t\t\t<input id=\"yikes-easy-mc-form-9-FNAME\"  name=\"FNAME\"  placeholder=\"name - nombre\"  class=\"yikes-easy-mc-text \"   type=\"text\"  value=\"\">\n\n\t\t\t\t\t\t\t\t\t\t<!-- Description Below -->\n\t\t\t\t\t\t\t\t\t\t\n\t\t\t\t\t\t\t\t\t<\/label>\n\t\t\t\t\t\t\t\t\t\n\t\t\t\t<!-- Honeypot Trap -->\n\t\t\t\t<input type=\"hidden\" name=\"yikes-mailchimp-honeypot\" id=\"yikes-mailchimp-honeypot-9\" value=\"\">\n\n\t\t\t\t<!-- List ID -->\n\t\t\t\t<input type=\"hidden\" name=\"yikes-mailchimp-associated-list-id\" id=\"yikes-mailchimp-associated-list-id-9\" value=\"5cd3261441\">\n\n\t\t\t\t<!-- The form that is being submitted! Used to display error\/success messages above the correct form -->\n\t\t\t\t<input type=\"hidden\" name=\"yikes-mailchimp-submitted-form\" id=\"yikes-mailchimp-submitted-form-9\" value=\"9\">\n\n\t\t\t\t<!-- Submit Button -->\n\t\t\t\t<button type=\"submit\" class=\"yikes-easy-mc-submit-button yikes-easy-mc-submit-button-9 btn btn-primary \"> <span class=\"yikes-mailchimp-submit-button-span-text\">Send - Senden - Enviar<\/span><\/button>\t\t\t\t<!-- Nonce Security Check -->\n\t\t\t\t<input type=\"hidden\" id=\"yikes_easy_mc_new_subscriber_9\" name=\"yikes_easy_mc_new_subscriber\" value=\"8a50b5569a\">\n\t\t\t\t<input type=\"hidden\" name=\"_wp_http_referer\" value=\"\/art\/es\/wp-json\/wp\/v2\/pages\/393\" \/>\n\t\t\t<\/form>\n\t\t\t<!-- Mailchimp Form generated by Easy Forms for Mailchimp v6.9.0 (https:\/\/wordpress.org\/plugins\/yikes-inc-easy-mailchimp-extender\/) -->\n\n\t\t\t<\/section>\n\t\n<p>&nbsp;<br \/>\nTus datos son privados, no hago spam<br \/>\ny siempre podr\u00e1s cancelar tu suscripci\u00f3n<br \/>\n\u00a1Gracias de antemano!<br \/>\nAtamayka<\/p>","protected":false},"excerpt":{"rendered":"<p>+ Inscr\u00edbete! Arte, Humor y Narraciones de Hall\u00e1zgos Afortunados en tu Correo Me ver\u00e1s en videos mientras trabajo, leer\u00e1s historias de algunas de mis piezas y tambi\u00e9n obtendr\u00e1s: opciones especiales solo para suscriptores &#8211; en etapa de producci\u00f3n, pronto disponible! &#8211; &nbsp; Tus datos son privados, no hago spam y siempre podr\u00e1s cancelar tu suscripci\u00f3n [&hellip;]<\/p>\n","protected":false},"author":1,"featured_media":0,"parent":0,"menu_order":0,"comment_status":"closed","ping_status":"closed","template":"","meta":{"_exactmetrics_skip_tracking":false,"_exactmetrics_sitenote_active":false,"_exactmetrics_sitenote_note":"","_exactmetrics_sitenote_category":0,"footnotes":""},"class_list":["post-393","page","type-page","status-publish","hentry"],"_links":{"self":[{"href":"https:\/\/atamayka.com\/art\/es\/wp-json\/wp\/v2\/pages\/393","targetHints":{"allow":["GET"]}}],"collection":[{"href":"https:\/\/atamayka.com\/art\/es\/wp-json\/wp\/v2\/pages"}],"about":[{"href":"https:\/\/atamayka.com\/art\/es\/wp-json\/wp\/v2\/types\/page"}],"author":[{"embeddable":true,"href":"https:\/\/atamayka.com\/art\/es\/wp-json\/wp\/v2\/users\/1"}],"replies":[{"embeddable":true,"href":"https:\/\/atamayka.com\/art\/es\/wp-json\/wp\/v2\/comments?post=393"}],"version-history":[{"count":2,"href":"https:\/\/atamayka.com\/art\/es\/wp-json\/wp\/v2\/pages\/393\/revisions"}],"predecessor-version":[{"id":1150,"href":"https:\/\/atamayka.com\/art\/es\/wp-json\/wp\/v2\/pages\/393\/revisions\/1150"}],"wp:attachment":[{"href":"https:\/\/atamayka.com\/art\/es\/wp-json\/wp\/v2\/media?parent=393"}],"curies":[{"name":"wp","href":"https:\/\/api.w.org\/{rel}","templated":true}]}}