{"id":19,"date":"2014-10-05T11:17:08","date_gmt":"2014-10-05T10:17:08","guid":{"rendered":"http:\/\/atamayka.com\/art\/?page_id=19"},"modified":"2024-05-30T13:50:30","modified_gmt":"2024-05-30T11:50:30","slug":"bio","status":"publish","type":"page","link":"https:\/\/atamayka.com\/art\/de\/bio\/","title":{"rendered":"Warum KUNST?"},"content":{"rendered":"<div class=\"page\" title=\"Page 10\">\n<div class=\"section\">\n<div class=\"layoutArea\">\n<div class=\"column\"><\/div>\n<\/div>\n<\/div>\n<\/div>\n<p><strong>K\u00fcnstler Statement<br \/>\n<\/strong>Als K\u00fcnstlerin tauche ich in die rohen, komplexen Gewebe menschlicher Geschichten ein und fange die Essenz jedes einzelnen Menschen, den ich male, ein. Meine Portr\u00e4ts sind mehr als blo\u00dfe Darstellungen von Gesichtern; sie sind visuelle Erz\u00e4hlungen, die die tiefe Sch\u00f6nheit enth\u00fcllen, die in Wahrheit und Erfahrung liegt.<\/p>\n<p>In der heutigen Welt pr\u00e4sentiert Social Media oft eine kuratierte Fassade der Perfektion, die die wahre und oft st\u00fcrmische Reise jedes Einzelnen verbirgt. Meine Arbeit stellt diese Norm in Frage, indem sie die Lebensereignisse und Narben offenbart, die uns pr\u00e4gen, anstatt sie zu verbergen. Ich h\u00f6re mir die Geschichte jedes Menschen an und nehme die Elemente auf, die seine Reise gepr\u00e4gt haben. Diese Elemente\u2014ob Erinnerungen, Triumphe, Schwierigkeiten oder Narben\u2014werden integrale Bestandteile meiner Gem\u00e4lde.<\/p>\n<p>Durch diesen k\u00fcnstlerischen Prozess feiere ich die Sch\u00f6nheit der Authentizit\u00e4t. Jedes Portr\u00e4t ist ein Zeugnis der einzigartigen, ungefilterten menschlichen Erfahrung und betont, dass es unsere Unvollkommenheiten und Geschichten sind, die uns wirklich sch\u00f6n machen. Meine Arbeit ist eine Stellungnahme gegen die Darstellung von fantasiereich perfekten Leben und pl\u00e4diert stattdessen f\u00fcr die Anerkennung und Wertsch\u00e4tzung unserer realen, gelebten Erfahrungen.<\/p>\n<div class=\"flex flex-grow flex-col max-w-full\">\n<div class=\"min-h-[20px] text-message flex flex-col items-start whitespace-pre-wrap break-words [.text-message+&amp;]:mt-5 juice:w-full juice:items-end overflow-x-auto gap-2\" dir=\"auto\" data-message-author-role=\"assistant\" data-message-id=\"574c8335-b8ae-49fe-ba73-7ccf08fa56b1\">\n<div class=\"flex w-full flex-col gap-1 juice:empty:hidden juice:first:pt-[3px]\">\n<div class=\"markdown prose w-full break-words dark:prose-invert light\">\n<p><strong>Drawing Serendipities &#8211; T\u00e4gliche Zeichnungen<\/strong><br \/>\nIch bin erstaunt \u00fcber die Unendlichkeit der Wesen, die ich hinter blinden Linien oder Farben entdecke, ihre imagin\u00e4ren Leben und Geschichten.<br \/>\n<span style=\"font-size: revert;\">\u201eDie mit Linien auf den Skulpturen abgebildeten Geschichten und Emotionen \u2013die auch bei den 100 Urban Faces zu sehen sind\u2013 verlassen das Papier und bereichern sich um die Plastizit\u00e4t des Tons. <\/span><span style=\"font-size: revert;\">Die flache, zweidimensionale, intuitive Zeichnung und ihr Drang, dreidimensional zu werden, kennzeichnen einen gro\u00dfen Teil meiner Arbeit.&#8220;<\/span><\/p>\n<\/div>\n<\/div>\n<\/div>\n<\/div>\n<p><strong>\u00dcber Atamayka<\/strong><br \/>\nAtamayka ist eine in \u00d6sterreich lebende K\u00fcnstlerin. 1970 in Caracas geboren, verbringt sie Ihre Kindheit zwischen der venezolanischen Hauptstadt und Austin, Texas, in den Vereinigten Staaten. Nach der Matura absolviert sie eine Ausbildung als Mode- und Grafik-Designerin an der Universit\u00e4t und beginnt sp\u00e4ter Architektur zu studieren. Beide Studieng\u00e4nge erlauben ihr zus\u00e4tzliche Kurse \u00fcber Techniken und Materialien zu belegen, die ihre k\u00fcnstlerische T\u00e4tigkeit pr\u00e4gen werden.<\/p>\n<p>Nach stetigem akademischen Aktivit\u00e4t, w\u00e4chst in Atamayka das Verlangen nach \u201eadventure\u201c und \u201emehr als nur studieren\u201c. 1999 schreibt sie sich nicht ins Sommer-Semester ein \u2013 sie macht sich lieber auf den Weg nach Europa, um Freunde zu besuchen. Diese \u201ekurze Europareise\u201c dauert mittlerweile schon vierundzwanzig Jahre&#8230; Parallel zu ihrem k\u00fcnstlerischen Schaffen ist sie seit 2007 als Grafikerin in \u00d6sterreich t\u00e4tig.<\/p>\n<p>Seit 2006 arbeitet sie vorzugsweise an der Schaffung von Skulpturen in Keramik und Acrylmalerei.<\/p>","protected":false},"excerpt":{"rendered":"<p>K\u00fcnstler Statement Als K\u00fcnstlerin tauche ich in die rohen, komplexen Gewebe menschlicher Geschichten ein und fange die Essenz jedes einzelnen Menschen, den ich male, ein. Meine Portr\u00e4ts sind mehr als blo\u00dfe Darstellungen von Gesichtern; sie sind visuelle Erz\u00e4hlungen, die die tiefe Sch\u00f6nheit enth\u00fcllen, die in Wahrheit und Erfahrung liegt. In der heutigen Welt pr\u00e4sentiert Social [&hellip;]<\/p>\n","protected":false},"author":1,"featured_media":351,"parent":0,"menu_order":0,"comment_status":"closed","ping_status":"closed","template":"","meta":{"_exactmetrics_skip_tracking":false,"_exactmetrics_sitenote_active":false,"_exactmetrics_sitenote_note":"","_exactmetrics_sitenote_category":0,"footnotes":""},"class_list":["post-19","page","type-page","status-publish","has-post-thumbnail","hentry"],"_links":{"self":[{"href":"https:\/\/atamayka.com\/art\/de\/wp-json\/wp\/v2\/pages\/19","targetHints":{"allow":["GET"]}}],"collection":[{"href":"https:\/\/atamayka.com\/art\/de\/wp-json\/wp\/v2\/pages"}],"about":[{"href":"https:\/\/atamayka.com\/art\/de\/wp-json\/wp\/v2\/types\/page"}],"author":[{"embeddable":true,"href":"https:\/\/atamayka.com\/art\/de\/wp-json\/wp\/v2\/users\/1"}],"replies":[{"embeddable":true,"href":"https:\/\/atamayka.com\/art\/de\/wp-json\/wp\/v2\/comments?post=19"}],"version-history":[{"count":1,"href":"https:\/\/atamayka.com\/art\/de\/wp-json\/wp\/v2\/pages\/19\/revisions"}],"predecessor-version":[{"id":1356,"href":"https:\/\/atamayka.com\/art\/de\/wp-json\/wp\/v2\/pages\/19\/revisions\/1356"}],"wp:featuredmedia":[{"embeddable":true,"href":"https:\/\/atamayka.com\/art\/de\/wp-json\/wp\/v2\/media\/351"}],"wp:attachment":[{"href":"https:\/\/atamayka.com\/art\/de\/wp-json\/wp\/v2\/media?parent=19"}],"curies":[{"name":"wp","href":"https:\/\/api.w.org\/{rel}","templated":true}]}}